{"id":3000,"date":"2022-07-13T16:57:04","date_gmt":"2022-07-13T15:57:04","guid":{"rendered":"https:\/\/costabravahospice.com\/costa-brava-hospice\/"},"modified":"2023-05-26T13:02:32","modified_gmt":"2023-05-26T12:02:32","slug":"costa-brava-hospice","status":"publish","type":"page","link":"https:\/\/costabravahospice.com\/ca\/","title":{"rendered":"Costa Brava Hospice"},"content":{"rendered":"<div id='full_slider_1'  class='avia-fullwidth-slider main_color avia-shadow   avia-builder-el-0  el_before_av_section  avia-builder-el-first   container_wrap sidebar_right'  >\n<style type=\"text\/css\" data-created_by=\"avia_inline_auto\" id=\"style-css-av-kf6m8byx-e4d08f1393b7b9fda07eee71f1bab984\">\n#top #wrap_all .avia-slideshow .av-slideshow-caption.av-kf6m8byx-e4d08f1393b7b9fda07eee71f1bab984__0 .avia-caption-title{\nfont-size:44px;\ncolor:#444444;\n}\n#top .avia-slideshow .av-slideshow-caption.av-kf6m8byx-e4d08f1393b7b9fda07eee71f1bab984__0 .avia-caption-content{\nfont-size:20px;\ncolor:#888888;\n}\n#top .avia-slideshow .av-slideshow-caption.av-kf6m8byx-e4d08f1393b7b9fda07eee71f1bab984__0 .avia-caption-content p{\nfont-size:20px;\n}\n<\/style>\n<div  class='avia-slideshow av-kf6m8byx-e4d08f1393b7b9fda07eee71f1bab984 avia-slideshow-entry_without_sidebar av_slideshow_full avia-slide-slider av-slideshow-ui av-control-minimal av-slideshow-autoplay av-loop-endless av-loop-manual-endless av-default-height-applied   avia-slideshow-1' data-slideshow-options=\"{&quot;animation&quot;:&quot;slide&quot;,&quot;autoplay&quot;:true,&quot;loop_autoplay&quot;:&quot;endless&quot;,&quot;interval&quot;:5,&quot;loop_manual&quot;:&quot;manual-endless&quot;,&quot;autoplay_stopper&quot;:false,&quot;noNavigation&quot;:false,&quot;bg_slider&quot;:false,&quot;keep_padding&quot;:false,&quot;hoverpause&quot;:false,&quot;show_slide_delay&quot;:0}\"  itemprop=\"image\" itemscope=\"itemscope\" itemtype=\"https:\/\/schema.org\/ImageObject\" ><ul class='avia-slideshow-inner ' style='padding-bottom: 34.95867768595%;'><li  class='avia-slideshow-slide av-kf6m8byx-e4d08f1393b7b9fda07eee71f1bab984__0  av-single-slide slide-1 slide-odd'><div data-rel='slideshow-1' class='avia-slide-wrap '   ><div class='av-slideshow-caption av-kf6m8byx-e4d08f1393b7b9fda07eee71f1bab984__0 caption_fullwidth caption_left'><div class=\"container caption_container\"><div class=\"slideshow_caption\"><div class=\"slideshow_inner_caption\"><div class=\"slideshow_align_caption\"><h2 class='avia-caption-title '  itemprop=\"name\" >BENVINGUTS A COSTA BRAVA HOSPICE<\/h2><div class='avia-caption-content av_inherit_color'  itemprop=\"description\" ><p>Oferim ajuda i suport als que pateixen malalties terminals aix\u00ed com als seus familiars<\/p>\n<\/div><a href='https:\/\/costabravahospice.com\/ca\/costa-brava-hospice-2\/'  class='avia-slideshow-button avia-button avia-color-theme-color avia-multi-slideshow-button' data-duration='800' data-easing='easeInOutQuad'>M\u00e9s info<\/a><a href='https:\/\/costabravahospice.com\/ca\/realitza-un-donatiu\/'  class='avia-slideshow-button avia-button avia-color-theme-color-subtle avia-multi-slideshow-button avia-slideshow-button-2' data-duration='800' data-easing='easeInOutQuad'>Fer un donatiu<\/a><\/div><\/div><\/div><\/div><\/div><img decoding=\"async\" fetchpriority=\"high\" class=\"wp-image-2921 avia-img-lazy-loading-not-2921\"  src=\"https:\/\/costabravahospice.com\/wp-content\/uploads\/2020\/09\/slider-cbh-1210x423.jpg\" width=\"1210\" height=\"423\" title='slider-cbh' alt=''  itemprop=\"thumbnailUrl\"   \/><\/div><\/li><\/ul><\/div><\/div>\n<div id='av_section_1'  class='avia-section av-kf6mv1fi-1125bc9e56f5a006ab1cfac3df2558b4 alternate_color avia-section-default avia-no-border-styling  avia-builder-el-1  el_after_av_slideshow_full  avia-builder-el-last  avia-bg-style-scroll container_wrap sidebar_right'  ><div class='container av-section-cont-open' ><div class='template-page content  av-content-small alpha units'><div class='post-entry post-entry-type-page post-entry-3000'><div class='entry-content-wrapper clearfix'>\n<div class='flex_column_table av-3x7eey-dec857bb708fbfe1f425fd7ac8f7b90e sc-av_one_third av-equal-height-column-flextable'>\n<style type=\"text\/css\" data-created_by=\"avia_inline_auto\" id=\"style-css-av-3x7eey-dec857bb708fbfe1f425fd7ac8f7b90e\">\n.flex_column.av-3x7eey-dec857bb708fbfe1f425fd7ac8f7b90e{\nborder-radius:0px 0px 0px 0px;\npadding:0px 0px 0px 0px;\nbackground:url(https:\/\/costabravahospice.com\/wp-content\/uploads\/2020\/09\/dominik-lange-VUOiQW4OeLI-unsplash-co\u0300pia.jpg) 50% 100% no-repeat scroll ;\n}\n<\/style>\n<div  class='flex_column av-3x7eey-dec857bb708fbfe1f425fd7ac8f7b90e av_one_third  avia-builder-el-2  el_before_av_two_third  avia-builder-el-first  first flex_column_table_cell av-equal-height-column av-align-top av-zero-column-padding avia-full-stretch  '     ><\/div><div class='av-flex-placeholder'><\/div>\n<style type=\"text\/css\" data-created_by=\"avia_inline_auto\" id=\"style-css-av-31rxe2-2a330d028f1297de9e94360b0ba6d124\">\n.flex_column.av-31rxe2-2a330d028f1297de9e94360b0ba6d124{\nborder-radius:0px 0px 0px 0px;\npadding:0px 0px 0px 0px;\n}\n<\/style>\n<div  class='flex_column av-31rxe2-2a330d028f1297de9e94360b0ba6d124 av_two_third  avia-builder-el-3  el_after_av_one_third  avia-builder-el-last  flex_column_table_cell av-equal-height-column av-align-top av-zero-column-padding  '     ><style type=\"text\/css\" data-created_by=\"avia_inline_auto\" id=\"style-css-av-kf6mw7ew-37adb25405ed86d666aceb70782e08ee\">\n#top .av_textblock_section.av-kf6mw7ew-37adb25405ed86d666aceb70782e08ee .avia_textblock{\nfont-size:18px;\n}\n<\/style>\n<section  class='av_textblock_section av-kf6mw7ew-37adb25405ed86d666aceb70782e08ee '   itemscope=\"itemscope\" itemtype=\"https:\/\/schema.org\/CreativeWork\" ><div class='avia_textblock'  itemprop=\"text\" ><p>La nostra prioritat \u00e9s estar al costat de les persones en proc\u00e9s terminal i les seves fam\u00edlies. Aix\u00f2 significa acompanyar-los i donar-los suport espiritual en els darrers estadis de la seva malaltia.<\/p>\n<h2>LA DIFER\u00c8NCIA I LA COOPERACI\u00d3<\/h2>\n<p>Les nostres cures comencen en aquell moment en qu\u00e8 es fa pal\u00e8s que a una persona li queda poc temps de vida.<\/p>\n<p>La cura <em>hospice <\/em>es pot oferir al costat de les cures pal\u00b7liatives, ja que tots dos comencen quan una persona \u00e9s diagnosticada amb una malaltia terminal. La tasca del <em>hospice <\/em>complementa i solapa els equips de cures pal\u00b7liatives, oferint un acompanyament de tipus psicoespiritual, una perspectiva que cobra especial import\u00e0ncia en els darrers moments de la vida d&#8217;una persona.<\/p>\n<\/div><\/section><\/div><\/div><!--close column table wrapper. Autoclose: 1 -->\n<\/div><\/div><\/div><!-- close content main div --><\/div><\/div><div id='after_section_1'  class='main_color av_default_container_wrap container_wrap sidebar_right'  ><div class='container av-section-cont-open' ><div class='template-page content  av-content-small alpha units'><div class='post-entry post-entry-type-page post-entry-3000'><div class='entry-content-wrapper clearfix'>\n","protected":false},"excerpt":{"rendered":"","protected":false},"author":1,"featured_media":0,"parent":0,"menu_order":0,"comment_status":"closed","ping_status":"closed","template":"","meta":{"give_campaign_id":0,"footnotes":""},"class_list":["post-3000","page","type-page","status-publish","hentry"],"yoast_head":"<!-- This site is optimized with the Yoast SEO plugin v27.2 - https:\/\/yoast.com\/product\/yoast-seo-wordpress\/ -->\n<title>Costa Brava Hospice - Costa Brava Hospice<\/title>\n<meta name=\"robots\" content=\"index, follow, max-snippet:-1, max-image-preview:large, max-video-preview:-1\" \/>\n<link rel=\"canonical\" href=\"https:\/\/costabravahospice.com\/ca\/costa-brava-hospice\/\" \/>\n<meta property=\"og:locale\" content=\"ca_ES\" \/>\n<meta property=\"og:type\" content=\"article\" \/>\n<meta property=\"og:title\" content=\"Costa Brava Hospice - Costa Brava Hospice\" \/>\n<meta property=\"og:url\" content=\"https:\/\/costabravahospice.com\/ca\/costa-brava-hospice\/\" \/>\n<meta property=\"og:site_name\" content=\"Costa Brava Hospice\" \/>\n<meta property=\"article:modified_time\" content=\"2023-05-26T12:02:32+00:00\" \/>\n<meta name=\"twitter:card\" content=\"summary_large_image\" \/>\n<meta name=\"twitter:label1\" content=\"Temps estimat de lectura\" \/>\n\t<meta name=\"twitter:data1\" content=\"2 minuts\" \/>\n<script type=\"application\/ld+json\" class=\"yoast-schema-graph\">{\"@context\":\"https:\/\/schema.org\",\"@graph\":[{\"@type\":\"WebPage\",\"@id\":\"https:\/\/costabravahospice.com\/ca\/costa-brava-hospice\/\",\"url\":\"https:\/\/costabravahospice.com\/ca\/costa-brava-hospice\/\",\"name\":\"Costa Brava Hospice - Costa Brava Hospice\",\"isPartOf\":{\"@id\":\"https:\/\/costabravahospice.com\/#website\"},\"datePublished\":\"2022-07-13T15:57:04+00:00\",\"dateModified\":\"2023-05-26T12:02:32+00:00\",\"breadcrumb\":{\"@id\":\"https:\/\/costabravahospice.com\/ca\/costa-brava-hospice\/#breadcrumb\"},\"inLanguage\":\"ca\",\"potentialAction\":[{\"@type\":\"ReadAction\",\"target\":[\"https:\/\/costabravahospice.com\/ca\/costa-brava-hospice\/\"]}]},{\"@type\":\"BreadcrumbList\",\"@id\":\"https:\/\/costabravahospice.com\/ca\/costa-brava-hospice\/#breadcrumb\",\"itemListElement\":[{\"@type\":\"ListItem\",\"position\":1,\"name\":\"Portada\",\"item\":\"https:\/\/costabravahospice.com\/ca\/costa-brava-hospice\/\"},{\"@type\":\"ListItem\",\"position\":2,\"name\":\"Costa Brava Hospice\"}]},{\"@type\":\"WebSite\",\"@id\":\"https:\/\/costabravahospice.com\/#website\",\"url\":\"https:\/\/costabravahospice.com\/\",\"name\":\"Costa Brava Hospice\",\"description\":\"Offering help and support to those with life limiting illnesses and their families\",\"potentialAction\":[{\"@type\":\"SearchAction\",\"target\":{\"@type\":\"EntryPoint\",\"urlTemplate\":\"https:\/\/costabravahospice.com\/?s={search_term_string}\"},\"query-input\":{\"@type\":\"PropertyValueSpecification\",\"valueRequired\":true,\"valueName\":\"search_term_string\"}}],\"inLanguage\":\"ca\"}]}<\/script>\n<!-- \/ Yoast SEO plugin. -->","yoast_head_json":{"title":"Costa Brava Hospice - Costa Brava Hospice","robots":{"index":"index","follow":"follow","max-snippet":"max-snippet:-1","max-image-preview":"max-image-preview:large","max-video-preview":"max-video-preview:-1"},"canonical":"https:\/\/costabravahospice.com\/ca\/costa-brava-hospice\/","og_locale":"ca_ES","og_type":"article","og_title":"Costa Brava Hospice - Costa Brava Hospice","og_url":"https:\/\/costabravahospice.com\/ca\/costa-brava-hospice\/","og_site_name":"Costa Brava Hospice","article_modified_time":"2023-05-26T12:02:32+00:00","twitter_card":"summary_large_image","twitter_misc":{"Temps estimat de lectura":"2 minuts"},"schema":{"@context":"https:\/\/schema.org","@graph":[{"@type":"WebPage","@id":"https:\/\/costabravahospice.com\/ca\/costa-brava-hospice\/","url":"https:\/\/costabravahospice.com\/ca\/costa-brava-hospice\/","name":"Costa Brava Hospice - Costa Brava Hospice","isPartOf":{"@id":"https:\/\/costabravahospice.com\/#website"},"datePublished":"2022-07-13T15:57:04+00:00","dateModified":"2023-05-26T12:02:32+00:00","breadcrumb":{"@id":"https:\/\/costabravahospice.com\/ca\/costa-brava-hospice\/#breadcrumb"},"inLanguage":"ca","potentialAction":[{"@type":"ReadAction","target":["https:\/\/costabravahospice.com\/ca\/costa-brava-hospice\/"]}]},{"@type":"BreadcrumbList","@id":"https:\/\/costabravahospice.com\/ca\/costa-brava-hospice\/#breadcrumb","itemListElement":[{"@type":"ListItem","position":1,"name":"Portada","item":"https:\/\/costabravahospice.com\/ca\/costa-brava-hospice\/"},{"@type":"ListItem","position":2,"name":"Costa Brava Hospice"}]},{"@type":"WebSite","@id":"https:\/\/costabravahospice.com\/#website","url":"https:\/\/costabravahospice.com\/","name":"Costa Brava Hospice","description":"Offering help and support to those with life limiting illnesses and their families","potentialAction":[{"@type":"SearchAction","target":{"@type":"EntryPoint","urlTemplate":"https:\/\/costabravahospice.com\/?s={search_term_string}"},"query-input":{"@type":"PropertyValueSpecification","valueRequired":true,"valueName":"search_term_string"}}],"inLanguage":"ca"}]}},"campaignId":"","_links":{"self":[{"href":"https:\/\/costabravahospice.com\/ca\/wp-json\/wp\/v2\/pages\/3000","targetHints":{"allow":["GET"]}}],"collection":[{"href":"https:\/\/costabravahospice.com\/ca\/wp-json\/wp\/v2\/pages"}],"about":[{"href":"https:\/\/costabravahospice.com\/ca\/wp-json\/wp\/v2\/types\/page"}],"author":[{"embeddable":true,"href":"https:\/\/costabravahospice.com\/ca\/wp-json\/wp\/v2\/users\/1"}],"replies":[{"embeddable":true,"href":"https:\/\/costabravahospice.com\/ca\/wp-json\/wp\/v2\/comments?post=3000"}],"version-history":[{"count":20,"href":"https:\/\/costabravahospice.com\/ca\/wp-json\/wp\/v2\/pages\/3000\/revisions"}],"predecessor-version":[{"id":3465,"href":"https:\/\/costabravahospice.com\/ca\/wp-json\/wp\/v2\/pages\/3000\/revisions\/3465"}],"wp:attachment":[{"href":"https:\/\/costabravahospice.com\/ca\/wp-json\/wp\/v2\/media?parent=3000"}],"curies":[{"name":"wp","href":"https:\/\/api.w.org\/{rel}","templated":true}]}}