{"id":3005,"date":"2022-07-13T16:59:58","date_gmt":"2022-07-13T15:59:58","guid":{"rendered":"https:\/\/costabravahospice.com\/costa-brava-hospice-2\/"},"modified":"2022-07-13T16:59:59","modified_gmt":"2022-07-13T15:59:59","slug":"costa-brava-hospice-2","status":"publish","type":"page","link":"https:\/\/costabravahospice.com\/ca\/costa-brava-hospice-2\/","title":{"rendered":"Costa Brava Hospice"},"content":{"rendered":"<div id='av_section_1'  class='avia-section av-7wl8u3-ffebfa81ce7099ef1419a524d52e9d2f main_color avia-section-default avia-no-border-styling  avia-builder-el-0  avia-builder-el-no-sibling  avia-bg-style-scroll container_wrap sidebar_right'  ><div class='container av-section-cont-open' ><main  role=\"main\" itemprop=\"mainContentOfPage\"  class='template-page content  av-content-small alpha units'><div class='post-entry post-entry-type-page post-entry-3005'><div class='entry-content-wrapper clearfix'>\n<div class='flex_column_table av-6iwu4b-a886a2fad8dd52817940c11f6d6e5fc0 sc-av_one_third av-equal-height-column-flextable'>\n<style type=\"text\/css\" data-created_by=\"avia_inline_auto\" id=\"style-css-av-6iwu4b-a886a2fad8dd52817940c11f6d6e5fc0\">\n.flex_column.av-6iwu4b-a886a2fad8dd52817940c11f6d6e5fc0{\nborder-radius:0px 0px 0px 0px;\npadding:0px 0px 0px 0px;\nbackground:url(https:\/\/costabravahospice.com\/wp-content\/uploads\/2020\/09\/khadeeja-yasser-FHT0KEOwtyg-unsplash.jpg) 50% 100% no-repeat scroll ;\n}\n<\/style>\n<div  class='flex_column av-6iwu4b-a886a2fad8dd52817940c11f6d6e5fc0 av_one_third  avia-builder-el-1  el_before_av_two_third  avia-builder-el-first  first flex_column_table_cell av-equal-height-column av-align-top av-zero-column-padding avia-full-stretch  '     ><\/div><div class='av-flex-placeholder'><\/div>\n<style type=\"text\/css\" data-created_by=\"avia_inline_auto\" id=\"style-css-av-21l0bv-a495313de1d4dbaa3a24162e03b2dd83\">\n.flex_column.av-21l0bv-a495313de1d4dbaa3a24162e03b2dd83{\nborder-radius:0px 0px 0px 0px;\npadding:0px 0px 0px 0px;\n}\n<\/style>\n<div  class='flex_column av-21l0bv-a495313de1d4dbaa3a24162e03b2dd83 av_two_third  avia-builder-el-2  el_after_av_one_third  avia-builder-el-last  flex_column_table_cell av-equal-height-column av-align-top av-zero-column-padding  '     ><style type=\"text\/css\" data-created_by=\"avia_inline_auto\" id=\"style-css-av-kwz8vdzu-73ae22394e831e2bf63170aadb2b28c4\">\n#top .av_textblock_section.av-kwz8vdzu-73ae22394e831e2bf63170aadb2b28c4 .avia_textblock{\nfont-size:18px;\n}\n<\/style>\n<section  class='av_textblock_section av-kwz8vdzu-73ae22394e831e2bf63170aadb2b28c4 '   itemscope=\"itemscope\" itemtype=\"https:\/\/schema.org\/CreativeWork\" ><div class='avia_textblock'  itemprop=\"text\" ><h2 style=\"text-align: center;\">Costa Brava Hospice<\/h2>\n<p>Costa Brava <em>Hospice<\/em> \u00e9s una associaci\u00f3 que proporciona les cures <em>hospice <\/em>a la prov\u00edncia de Girona.<\/p>\n<p>La filosof\u00eda <em>hospice<\/em> promou les cures i l&#8217;atenci\u00f3 d&#8217;una persona a totes les \u00e0rees (f\u00edsica, emocional, social i espiritual) en els moments en qu\u00e8 aquesta pateix una malaltia avan\u00e7ada i s&#8217;acosta al moment de morir. Alhora, considera que els familiars o amics s\u00f3n igualment vulnerables i poden necessitar ajuda i atenci\u00f3. Per aix\u00f2, les nostres cures van dirigides a tota la unitat familiar o relacional m\u00e9s propera.<\/p>\n<p>Perqu\u00e8 aix\u00f2 es doni, cal que la societat conegui que existeix. Per aix\u00f2, una altra de les missions de base del <em> hospice<\/em> \u00e9s la difusi\u00f3 d&#8217;aquesta cultura a la societat en general, i als estaments sanitaris en particular, per ser aquests \u00faltims els habituals receptors de les persones malaltes, que en moltes ocasions acaben els seus dies a les seves institucions, i que per tant disposen d&#8217;una plataforma privilegiada per aplicar totes aquestes idees.<\/p>\n<\/div><\/section><\/div><\/div><!--close column table wrapper. Autoclose: 1 --><\/div><\/div><\/main><!-- close content main element --><\/div><\/div><div id='after_section_1'  class='main_color av_default_container_wrap container_wrap sidebar_right'  ><div class='container av-section-cont-open' ><div class='template-page content  av-content-small alpha units'><div class='post-entry post-entry-type-page post-entry-3005'><div class='entry-content-wrapper clearfix'>\n","protected":false},"excerpt":{"rendered":"","protected":false},"author":1,"featured_media":0,"parent":0,"menu_order":0,"comment_status":"closed","ping_status":"closed","template":"","meta":{"give_campaign_id":0,"footnotes":""},"class_list":["post-3005","page","type-page","status-publish","hentry"],"yoast_head":"<!-- This site is optimized with the Yoast SEO plugin v27.2 - https:\/\/yoast.com\/product\/yoast-seo-wordpress\/ -->\n<title>Costa Brava Hospice - Costa Brava Hospice<\/title>\n<meta name=\"robots\" content=\"index, follow, max-snippet:-1, max-image-preview:large, max-video-preview:-1\" \/>\n<link rel=\"canonical\" href=\"https:\/\/costabravahospice.com\/acerca-cbh\/costa-brava-hospice\/\" \/>\n<meta property=\"og:locale\" content=\"ca_ES\" \/>\n<meta property=\"og:type\" content=\"article\" \/>\n<meta property=\"og:title\" content=\"Costa Brava Hospice - Costa Brava Hospice\" \/>\n<meta property=\"og:url\" content=\"https:\/\/costabravahospice.com\/acerca-cbh\/costa-brava-hospice\/\" \/>\n<meta property=\"og:site_name\" content=\"Costa Brava Hospice\" \/>\n<meta property=\"article:modified_time\" content=\"2022-07-13T15:59:59+00:00\" \/>\n<meta name=\"twitter:card\" content=\"summary_large_image\" \/>\n<meta name=\"twitter:label1\" content=\"Temps estimat de lectura\" \/>\n\t<meta name=\"twitter:data1\" content=\"3 minuts\" \/>\n<script type=\"application\/ld+json\" class=\"yoast-schema-graph\">{\"@context\":\"https:\/\/schema.org\",\"@graph\":[{\"@type\":\"WebPage\",\"@id\":\"https:\/\/costabravahospice.com\/acerca-cbh\/costa-brava-hospice\/\",\"url\":\"https:\/\/costabravahospice.com\/acerca-cbh\/costa-brava-hospice\/\",\"name\":\"Costa Brava Hospice - Costa Brava Hospice\",\"isPartOf\":{\"@id\":\"https:\/\/costabravahospice.com\/#website\"},\"datePublished\":\"2022-07-13T15:59:58+00:00\",\"dateModified\":\"2022-07-13T15:59:59+00:00\",\"breadcrumb\":{\"@id\":\"https:\/\/costabravahospice.com\/acerca-cbh\/costa-brava-hospice\/#breadcrumb\"},\"inLanguage\":\"ca\",\"potentialAction\":[{\"@type\":\"ReadAction\",\"target\":[\"https:\/\/costabravahospice.com\/acerca-cbh\/costa-brava-hospice\/\"]}]},{\"@type\":\"BreadcrumbList\",\"@id\":\"https:\/\/costabravahospice.com\/acerca-cbh\/costa-brava-hospice\/#breadcrumb\",\"itemListElement\":[{\"@type\":\"ListItem\",\"position\":1,\"name\":\"Portada\",\"item\":\"https:\/\/costabravahospice.com\/ca\/costa-brava-hospice\/\"},{\"@type\":\"ListItem\",\"position\":2,\"name\":\"Costa Brava Hospice\"}]},{\"@type\":\"WebSite\",\"@id\":\"https:\/\/costabravahospice.com\/#website\",\"url\":\"https:\/\/costabravahospice.com\/\",\"name\":\"Costa Brava Hospice\",\"description\":\"Offering help and support to those with life limiting illnesses and their families\",\"potentialAction\":[{\"@type\":\"SearchAction\",\"target\":{\"@type\":\"EntryPoint\",\"urlTemplate\":\"https:\/\/costabravahospice.com\/?s={search_term_string}\"},\"query-input\":{\"@type\":\"PropertyValueSpecification\",\"valueRequired\":true,\"valueName\":\"search_term_string\"}}],\"inLanguage\":\"ca\"}]}<\/script>\n<!-- \/ Yoast SEO plugin. -->","yoast_head_json":{"title":"Costa Brava Hospice - Costa Brava Hospice","robots":{"index":"index","follow":"follow","max-snippet":"max-snippet:-1","max-image-preview":"max-image-preview:large","max-video-preview":"max-video-preview:-1"},"canonical":"https:\/\/costabravahospice.com\/acerca-cbh\/costa-brava-hospice\/","og_locale":"ca_ES","og_type":"article","og_title":"Costa Brava Hospice - Costa Brava Hospice","og_url":"https:\/\/costabravahospice.com\/acerca-cbh\/costa-brava-hospice\/","og_site_name":"Costa Brava Hospice","article_modified_time":"2022-07-13T15:59:59+00:00","twitter_card":"summary_large_image","twitter_misc":{"Temps estimat de lectura":"3 minuts"},"schema":{"@context":"https:\/\/schema.org","@graph":[{"@type":"WebPage","@id":"https:\/\/costabravahospice.com\/acerca-cbh\/costa-brava-hospice\/","url":"https:\/\/costabravahospice.com\/acerca-cbh\/costa-brava-hospice\/","name":"Costa Brava Hospice - Costa Brava Hospice","isPartOf":{"@id":"https:\/\/costabravahospice.com\/#website"},"datePublished":"2022-07-13T15:59:58+00:00","dateModified":"2022-07-13T15:59:59+00:00","breadcrumb":{"@id":"https:\/\/costabravahospice.com\/acerca-cbh\/costa-brava-hospice\/#breadcrumb"},"inLanguage":"ca","potentialAction":[{"@type":"ReadAction","target":["https:\/\/costabravahospice.com\/acerca-cbh\/costa-brava-hospice\/"]}]},{"@type":"BreadcrumbList","@id":"https:\/\/costabravahospice.com\/acerca-cbh\/costa-brava-hospice\/#breadcrumb","itemListElement":[{"@type":"ListItem","position":1,"name":"Portada","item":"https:\/\/costabravahospice.com\/ca\/costa-brava-hospice\/"},{"@type":"ListItem","position":2,"name":"Costa Brava Hospice"}]},{"@type":"WebSite","@id":"https:\/\/costabravahospice.com\/#website","url":"https:\/\/costabravahospice.com\/","name":"Costa Brava Hospice","description":"Offering help and support to those with life limiting illnesses and their families","potentialAction":[{"@type":"SearchAction","target":{"@type":"EntryPoint","urlTemplate":"https:\/\/costabravahospice.com\/?s={search_term_string}"},"query-input":{"@type":"PropertyValueSpecification","valueRequired":true,"valueName":"search_term_string"}}],"inLanguage":"ca"}]}},"campaignId":"","_links":{"self":[{"href":"https:\/\/costabravahospice.com\/ca\/wp-json\/wp\/v2\/pages\/3005","targetHints":{"allow":["GET"]}}],"collection":[{"href":"https:\/\/costabravahospice.com\/ca\/wp-json\/wp\/v2\/pages"}],"about":[{"href":"https:\/\/costabravahospice.com\/ca\/wp-json\/wp\/v2\/types\/page"}],"author":[{"embeddable":true,"href":"https:\/\/costabravahospice.com\/ca\/wp-json\/wp\/v2\/users\/1"}],"replies":[{"embeddable":true,"href":"https:\/\/costabravahospice.com\/ca\/wp-json\/wp\/v2\/comments?post=3005"}],"version-history":[{"count":2,"href":"https:\/\/costabravahospice.com\/ca\/wp-json\/wp\/v2\/pages\/3005\/revisions"}],"predecessor-version":[{"id":3007,"href":"https:\/\/costabravahospice.com\/ca\/wp-json\/wp\/v2\/pages\/3005\/revisions\/3007"}],"wp:attachment":[{"href":"https:\/\/costabravahospice.com\/ca\/wp-json\/wp\/v2\/media?parent=3005"}],"curies":[{"name":"wp","href":"https:\/\/api.w.org\/{rel}","templated":true}]}}