{"id":3010,"date":"2022-07-13T17:02:48","date_gmt":"2022-07-13T16:02:48","guid":{"rendered":"https:\/\/costabravahospice.com\/hospice-a-casa\/"},"modified":"2022-07-14T11:33:36","modified_gmt":"2022-07-14T10:33:36","slug":"hospice-a-casa","status":"publish","type":"page","link":"https:\/\/costabravahospice.com\/ca\/hospice-a-casa\/","title":{"rendered":"Hospice a casa"},"content":{"rendered":"<div id='av_section_1'  class='avia-section av-9cigis-adcf56dbecbafee7b933d9cbf3d6be09 main_color avia-section-default avia-no-border-styling  avia-builder-el-0  avia-builder-el-no-sibling  avia-bg-style-scroll container_wrap sidebar_right'  ><div class='container av-section-cont-open' ><main  role=\"main\" itemprop=\"mainContentOfPage\"  class='template-page content  av-content-small alpha units'><div class='post-entry post-entry-type-page post-entry-3010'><div class='entry-content-wrapper clearfix'>\n<div class='flex_column_table av-74pilg-24d984519eb8e8efb138fe02772d6ab3 sc-av_one_third av-equal-height-column-flextable'>\n<style type=\"text\/css\" data-created_by=\"avia_inline_auto\" id=\"style-css-av-74pilg-24d984519eb8e8efb138fe02772d6ab3\">\n.flex_column.av-74pilg-24d984519eb8e8efb138fe02772d6ab3{\nborder-radius:0px 0px 0px 0px;\npadding:0px 0px 0px 0px;\nbackground:url(https:\/\/costabravahospice.com\/wp-content\/uploads\/2021\/12\/beautiful-sky-sunset-sun-clouds-landscape-nature-background.jpg) 50% 50% no-repeat scroll ;\n}\n<\/style>\n<div  class='flex_column av-74pilg-24d984519eb8e8efb138fe02772d6ab3 av_one_third  avia-builder-el-1  el_before_av_two_third  avia-builder-el-first  first flex_column_table_cell av-equal-height-column av-align-top av-zero-column-padding avia-full-stretch  '     ><\/div><div class='av-flex-placeholder'><\/div>\n<style type=\"text\/css\" data-created_by=\"avia_inline_auto\" id=\"style-css-av-3wbhjo-e5112db3247ea0770f7a2da8740266ef\">\n.flex_column.av-3wbhjo-e5112db3247ea0770f7a2da8740266ef{\nborder-radius:0px 0px 0px 0px;\npadding:0px 0px 0px 0px;\n}\n<\/style>\n<div  class='flex_column av-3wbhjo-e5112db3247ea0770f7a2da8740266ef av_two_third  avia-builder-el-2  el_after_av_one_third  avia-builder-el-last  flex_column_table_cell av-equal-height-column av-align-top av-zero-column-padding  '     ><style type=\"text\/css\" data-created_by=\"avia_inline_auto\" id=\"style-css-av-b9kgk-fdcf70edaa9ff6455054f35be25f468d\">\n#top .av_textblock_section.av-b9kgk-fdcf70edaa9ff6455054f35be25f468d .avia_textblock{\nfont-size:18px;\n}\n<\/style>\n<section  class='av_textblock_section av-b9kgk-fdcf70edaa9ff6455054f35be25f468d '   itemscope=\"itemscope\" itemtype=\"https:\/\/schema.org\/CreativeWork\" ><div class='avia_textblock'  itemprop=\"text\" ><h2 style=\"text-align: center;\"><em>Hospice<\/em> a casa<\/h2>\n<p>Actualment oferim les cures de \u201c<em>hospice<\/em> a casa\u201d (hospice at home), on el nostre equip visita els malalts terminals a casa, a l&#8217;hospital o resid\u00e8ncia, ja que molts malalts es troben ingressats fins al moment de morir. Els acompanyem i donem suport espiritual, tant per a ells com per als familiars, cooperant amb l&#8217;equip m\u00e8dic per garantir les millors condicions de qualitat de vida. Estem familiaritzats amb els problemes inherents als estadis finals de la vida.<\/p>\n<p>L&#8217;experi\u00e8ncia dels centres que funcionen a tot el m\u00f3n \u00e9s que l&#8217;atenci\u00f3 al propi domicili \u00e9s l&#8217;opci\u00f3 que preferirien la majoria de persones i fam\u00edlies, encara que aix\u00f2 de vegades no \u00e9s possible per raons diferents que s\u00f3n valorades en cada cas individual.<\/p>\n<p>Afortunadament al nostre medi comptem amb l&#8217;exist\u00e8ncia d&#8217;unitats de cures pal\u00b7liatives hospital\u00e0ries i tamb\u00e9 d&#8217;equips d&#8217;atenci\u00f3 domicili\u00e0ria que fan una atenci\u00f3 pal\u00b7liativa (PADES).<\/p>\n<p>Tanmateix, aquesta cobertura no abasta totes la poblaci\u00f3 i malgrat comptar amb professionals preparats per a l&#8217;atenci\u00f3 m\u00e8dica i psicoemocional, moltes vegades la profunditat del moment requereix un acompanyament en l&#8217;aspecte m\u00e9s existencial i essencial de l&#8217;\u00e9sser hum\u00e0. Aqu\u00ed \u00e9s on la tasca del <em>hospice<\/em> i la dels equips pal\u00b7liatius es complementen i se solapen.<\/p>\n<p>El temps que li queda de vida despr\u00e9s de determinar que no hi ha possibilitats de curaci\u00f3 \u00e9s un temps preci\u00f3s per dedicar-ho al que un desitgi, \u00e9s un temps molt valu\u00f3s que ning\u00fa ens hauria de robar. No obstant moltes vegades s&#8217;entra en una espiral d&#8217;intents per prolongar la vida sigui com sigui, amb l&#8217;\u00fanica finalitat de prolongar-la, que potencien el patiment i dificulten a tota la unitat familiar viure aquests moments amb la intimitat, profunditat i clima d&#8217;amor necessaris per partir des de la pau i l&#8217;acceptaci\u00f3.<\/p>\n<p>L&#8217;acompanyament <em>hospice<\/em>, un cop controlats els s\u00edmptomes f\u00edsics, t\u00e9 com a finalitat atendre el malalt i la seva fam\u00edlia en totes aquestes q\u00fcestions que podr\u00edem englobar en la dimensi\u00f3 espiritual.<br \/>\nEls equips designats per l&#8217;<em>hospice<\/em> es desplacen on resideix el malalt o on est\u00e0 internat, de manera regular i pactada.<\/p>\n<\/div><\/section><\/div><\/div><!--close column table wrapper. Autoclose: 1 --><\/div><\/div><\/main><!-- close content main element --><\/div><\/div><div id='after_section_1'  class='main_color av_default_container_wrap container_wrap sidebar_right'  ><div class='container av-section-cont-open' ><div class='template-page content  av-content-small alpha units'><div class='post-entry post-entry-type-page post-entry-3010'><div class='entry-content-wrapper clearfix'>\n","protected":false},"excerpt":{"rendered":"","protected":false},"author":1,"featured_media":0,"parent":0,"menu_order":0,"comment_status":"closed","ping_status":"closed","template":"","meta":{"give_campaign_id":0,"footnotes":""},"class_list":["post-3010","page","type-page","status-publish","hentry"],"yoast_head":"<!-- This site is optimized with the Yoast SEO plugin v27.2 - https:\/\/yoast.com\/product\/yoast-seo-wordpress\/ -->\n<title>Hospice a casa - Costa Brava Hospice<\/title>\n<meta name=\"robots\" content=\"index, follow, max-snippet:-1, max-image-preview:large, max-video-preview:-1\" \/>\n<link rel=\"canonical\" href=\"https:\/\/costabravahospice.com\/ca\/hospice-a-casa\/\" \/>\n<meta property=\"og:locale\" content=\"ca_ES\" \/>\n<meta property=\"og:type\" content=\"article\" \/>\n<meta property=\"og:title\" content=\"Hospice a casa - Costa Brava Hospice\" \/>\n<meta property=\"og:url\" content=\"https:\/\/costabravahospice.com\/ca\/hospice-a-casa\/\" \/>\n<meta property=\"og:site_name\" content=\"Costa Brava Hospice\" \/>\n<meta property=\"article:modified_time\" content=\"2022-07-14T10:33:36+00:00\" \/>\n<meta name=\"twitter:card\" content=\"summary_large_image\" \/>\n<meta name=\"twitter:label1\" content=\"Temps estimat de lectura\" \/>\n\t<meta name=\"twitter:data1\" content=\"4 minuts\" \/>\n<script type=\"application\/ld+json\" class=\"yoast-schema-graph\">{\"@context\":\"https:\/\/schema.org\",\"@graph\":[{\"@type\":\"WebPage\",\"@id\":\"https:\/\/costabravahospice.com\/ca\/hospice-a-casa\/\",\"url\":\"https:\/\/costabravahospice.com\/ca\/hospice-a-casa\/\",\"name\":\"Hospice a casa - Costa Brava Hospice\",\"isPartOf\":{\"@id\":\"https:\/\/costabravahospice.com\/#website\"},\"datePublished\":\"2022-07-13T16:02:48+00:00\",\"dateModified\":\"2022-07-14T10:33:36+00:00\",\"breadcrumb\":{\"@id\":\"https:\/\/costabravahospice.com\/ca\/hospice-a-casa\/#breadcrumb\"},\"inLanguage\":\"ca\",\"potentialAction\":[{\"@type\":\"ReadAction\",\"target\":[\"https:\/\/costabravahospice.com\/ca\/hospice-a-casa\/\"]}]},{\"@type\":\"BreadcrumbList\",\"@id\":\"https:\/\/costabravahospice.com\/ca\/hospice-a-casa\/#breadcrumb\",\"itemListElement\":[{\"@type\":\"ListItem\",\"position\":1,\"name\":\"Portada\",\"item\":\"https:\/\/costabravahospice.com\/ca\/costa-brava-hospice\/\"},{\"@type\":\"ListItem\",\"position\":2,\"name\":\"Hospice a casa\"}]},{\"@type\":\"WebSite\",\"@id\":\"https:\/\/costabravahospice.com\/#website\",\"url\":\"https:\/\/costabravahospice.com\/\",\"name\":\"Costa Brava Hospice\",\"description\":\"Offering help and support to those with life limiting illnesses and their families\",\"potentialAction\":[{\"@type\":\"SearchAction\",\"target\":{\"@type\":\"EntryPoint\",\"urlTemplate\":\"https:\/\/costabravahospice.com\/?s={search_term_string}\"},\"query-input\":{\"@type\":\"PropertyValueSpecification\",\"valueRequired\":true,\"valueName\":\"search_term_string\"}}],\"inLanguage\":\"ca\"}]}<\/script>\n<!-- \/ Yoast SEO plugin. -->","yoast_head_json":{"title":"Hospice a casa - Costa Brava Hospice","robots":{"index":"index","follow":"follow","max-snippet":"max-snippet:-1","max-image-preview":"max-image-preview:large","max-video-preview":"max-video-preview:-1"},"canonical":"https:\/\/costabravahospice.com\/ca\/hospice-a-casa\/","og_locale":"ca_ES","og_type":"article","og_title":"Hospice a casa - Costa Brava Hospice","og_url":"https:\/\/costabravahospice.com\/ca\/hospice-a-casa\/","og_site_name":"Costa Brava Hospice","article_modified_time":"2022-07-14T10:33:36+00:00","twitter_card":"summary_large_image","twitter_misc":{"Temps estimat de lectura":"4 minuts"},"schema":{"@context":"https:\/\/schema.org","@graph":[{"@type":"WebPage","@id":"https:\/\/costabravahospice.com\/ca\/hospice-a-casa\/","url":"https:\/\/costabravahospice.com\/ca\/hospice-a-casa\/","name":"Hospice a casa - Costa Brava Hospice","isPartOf":{"@id":"https:\/\/costabravahospice.com\/#website"},"datePublished":"2022-07-13T16:02:48+00:00","dateModified":"2022-07-14T10:33:36+00:00","breadcrumb":{"@id":"https:\/\/costabravahospice.com\/ca\/hospice-a-casa\/#breadcrumb"},"inLanguage":"ca","potentialAction":[{"@type":"ReadAction","target":["https:\/\/costabravahospice.com\/ca\/hospice-a-casa\/"]}]},{"@type":"BreadcrumbList","@id":"https:\/\/costabravahospice.com\/ca\/hospice-a-casa\/#breadcrumb","itemListElement":[{"@type":"ListItem","position":1,"name":"Portada","item":"https:\/\/costabravahospice.com\/ca\/costa-brava-hospice\/"},{"@type":"ListItem","position":2,"name":"Hospice a casa"}]},{"@type":"WebSite","@id":"https:\/\/costabravahospice.com\/#website","url":"https:\/\/costabravahospice.com\/","name":"Costa Brava Hospice","description":"Offering help and support to those with life limiting illnesses and their families","potentialAction":[{"@type":"SearchAction","target":{"@type":"EntryPoint","urlTemplate":"https:\/\/costabravahospice.com\/?s={search_term_string}"},"query-input":{"@type":"PropertyValueSpecification","valueRequired":true,"valueName":"search_term_string"}}],"inLanguage":"ca"}]}},"campaignId":"","_links":{"self":[{"href":"https:\/\/costabravahospice.com\/ca\/wp-json\/wp\/v2\/pages\/3010","targetHints":{"allow":["GET"]}}],"collection":[{"href":"https:\/\/costabravahospice.com\/ca\/wp-json\/wp\/v2\/pages"}],"about":[{"href":"https:\/\/costabravahospice.com\/ca\/wp-json\/wp\/v2\/types\/page"}],"author":[{"embeddable":true,"href":"https:\/\/costabravahospice.com\/ca\/wp-json\/wp\/v2\/users\/1"}],"replies":[{"embeddable":true,"href":"https:\/\/costabravahospice.com\/ca\/wp-json\/wp\/v2\/comments?post=3010"}],"version-history":[{"count":7,"href":"https:\/\/costabravahospice.com\/ca\/wp-json\/wp\/v2\/pages\/3010\/revisions"}],"predecessor-version":[{"id":3138,"href":"https:\/\/costabravahospice.com\/ca\/wp-json\/wp\/v2\/pages\/3010\/revisions\/3138"}],"wp:attachment":[{"href":"https:\/\/costabravahospice.com\/ca\/wp-json\/wp\/v2\/media?parent=3010"}],"curies":[{"name":"wp","href":"https:\/\/api.w.org\/{rel}","templated":true}]}}