{"id":3059,"date":"2022-07-14T10:54:51","date_gmt":"2022-07-14T09:54:51","guid":{"rendered":"https:\/\/costabravahospice.com\/death-cafe\/"},"modified":"2022-11-15T17:47:52","modified_gmt":"2022-11-15T17:47:52","slug":"death-cafe","status":"publish","type":"page","link":"https:\/\/costabravahospice.com\/ca\/death-cafe\/","title":{"rendered":"Death Cafe"},"content":{"rendered":"<div id='av_section_1'  class='avia-section av-5pyj0e-48b3719981701c161bd408d5443505ba main_color avia-section-default avia-no-border-styling  avia-builder-el-0  avia-builder-el-no-sibling  avia-bg-style-scroll container_wrap sidebar_right'  ><div class='container av-section-cont-open' ><main  role=\"main\" itemprop=\"mainContentOfPage\"  class='template-page content  av-content-small alpha units'><div class='post-entry post-entry-type-page post-entry-3059'><div class='entry-content-wrapper clearfix'>\n<div class='flex_column_table av-3xeplq-12207b3a6e6551a276ea2c0a40b9fa52 sc-av_one_third av-equal-height-column-flextable'>\n<style type=\"text\/css\" data-created_by=\"avia_inline_auto\" id=\"style-css-av-3xeplq-12207b3a6e6551a276ea2c0a40b9fa52\">\n.flex_column.av-3xeplq-12207b3a6e6551a276ea2c0a40b9fa52{\nborder-radius:0px 0px 0px 0px;\npadding:0px 0px 0px 0px;\nbackground:url(https:\/\/costabravahospice.com\/wp-content\/uploads\/2021\/12\/tasty-coffee-white-cup.jpg) 50% 100% no-repeat scroll ;\n}\n<\/style>\n<div  class='flex_column av-3xeplq-12207b3a6e6551a276ea2c0a40b9fa52 av_one_third  avia-builder-el-1  el_before_av_two_third  avia-builder-el-first  first flex_column_table_cell av-equal-height-column av-align-top av-zero-column-padding avia-full-stretch  '     ><\/div><div class='av-flex-placeholder'><\/div>\n<style type=\"text\/css\" data-created_by=\"avia_inline_auto\" id=\"style-css-av-26kmf2-211768f1f64b953fa9bd2cba660c92cf\">\n.flex_column.av-26kmf2-211768f1f64b953fa9bd2cba660c92cf{\nborder-radius:0px 0px 0px 0px;\npadding:0px 0px 0px 0px;\n}\n<\/style>\n<div  class='flex_column av-26kmf2-211768f1f64b953fa9bd2cba660c92cf av_two_third  avia-builder-el-2  el_after_av_one_third  avia-builder-el-last  flex_column_table_cell av-equal-height-column av-align-top av-zero-column-padding  '     ><style type=\"text\/css\" data-created_by=\"avia_inline_auto\" id=\"style-css-av-kwzasmz7-8c00c219737b9611f8a5b2bbcec8e4f3\">\n#top .av_textblock_section.av-kwzasmz7-8c00c219737b9611f8a5b2bbcec8e4f3 .avia_textblock{\nfont-size:18px;\n}\n<\/style>\n<section  class='av_textblock_section av-kwzasmz7-8c00c219737b9611f8a5b2bbcec8e4f3 '   itemscope=\"itemscope\" itemtype=\"https:\/\/schema.org\/CreativeWork\" ><div class='avia_textblock'  itemprop=\"text\" ><h2 style=\"text-align: center;\">Death Caf\u00e8<\/h2>\n<p>Cada mes organitzem un <em>Death <\/em>Caf\u00e8. \u00c9s una trobada on es parla sobre la mort (i la vida) amb un caf\u00e8, uns dol\u00e7os, temps i respecte. Lliure d&#8217;ordre del dia, sense experts i gratu\u00eft. Parlar de la mort ajuda a viure-hi plenament. Perqu\u00e8 la mort importa i \u00e9s tant vida com el naixement. Les trobades s&#8217;organitzen a Girona, Banyoles i a la Bisbal.<\/p>\n<p>Si t&#8217;agradaria que organitz\u00e9ssim una trobada al teu municipi, si us plau, posa&#8217;t en contacte amb nosaltres.<\/p>\n<p>Tel\u00e8fon: + 34 634 89 84 81<\/p>\n<p><a href=\"mailto:info@costabravahospice.com\">info@costabravahospice.com<\/a><\/p>\n<\/div><\/section><\/div><\/div><!--close column table wrapper. Autoclose: 1 --><\/div><\/div><\/main><!-- close content main element --><\/div><\/div><div id='after_section_1'  class='main_color av_default_container_wrap container_wrap sidebar_right'  ><div class='container av-section-cont-open' ><div class='template-page content  av-content-small alpha units'><div class='post-entry post-entry-type-page post-entry-3059'><div class='entry-content-wrapper clearfix'>\n","protected":false},"excerpt":{"rendered":"","protected":false},"author":1,"featured_media":0,"parent":0,"menu_order":0,"comment_status":"closed","ping_status":"closed","template":"","meta":{"give_campaign_id":0,"footnotes":""},"class_list":["post-3059","page","type-page","status-publish","hentry"],"yoast_head":"<!-- This site is optimized with the Yoast SEO plugin v27.2 - https:\/\/yoast.com\/product\/yoast-seo-wordpress\/ -->\n<title>Death Cafe - Costa Brava Hospice<\/title>\n<meta name=\"robots\" content=\"index, follow, max-snippet:-1, max-image-preview:large, max-video-preview:-1\" \/>\n<link rel=\"canonical\" href=\"https:\/\/costabravahospice.com\/ca\/death-cafe\/\" \/>\n<meta property=\"og:locale\" content=\"ca_ES\" \/>\n<meta property=\"og:type\" content=\"article\" \/>\n<meta property=\"og:title\" content=\"Death Cafe - Costa Brava Hospice\" \/>\n<meta property=\"og:url\" content=\"https:\/\/costabravahospice.com\/ca\/death-cafe\/\" \/>\n<meta property=\"og:site_name\" content=\"Costa Brava Hospice\" \/>\n<meta property=\"article:modified_time\" content=\"2022-11-15T17:47:52+00:00\" \/>\n<meta name=\"twitter:card\" content=\"summary_large_image\" \/>\n<meta name=\"twitter:label1\" content=\"Temps estimat de lectura\" \/>\n\t<meta name=\"twitter:data1\" content=\"2 minuts\" \/>\n<script type=\"application\/ld+json\" class=\"yoast-schema-graph\">{\"@context\":\"https:\/\/schema.org\",\"@graph\":[{\"@type\":\"WebPage\",\"@id\":\"https:\/\/costabravahospice.com\/ca\/death-cafe\/\",\"url\":\"https:\/\/costabravahospice.com\/ca\/death-cafe\/\",\"name\":\"Death Cafe - Costa Brava Hospice\",\"isPartOf\":{\"@id\":\"https:\/\/costabravahospice.com\/#website\"},\"datePublished\":\"2022-07-14T09:54:51+00:00\",\"dateModified\":\"2022-11-15T17:47:52+00:00\",\"breadcrumb\":{\"@id\":\"https:\/\/costabravahospice.com\/ca\/death-cafe\/#breadcrumb\"},\"inLanguage\":\"ca\",\"potentialAction\":[{\"@type\":\"ReadAction\",\"target\":[\"https:\/\/costabravahospice.com\/ca\/death-cafe\/\"]}]},{\"@type\":\"BreadcrumbList\",\"@id\":\"https:\/\/costabravahospice.com\/ca\/death-cafe\/#breadcrumb\",\"itemListElement\":[{\"@type\":\"ListItem\",\"position\":1,\"name\":\"Portada\",\"item\":\"https:\/\/costabravahospice.com\/ca\/costa-brava-hospice\/\"},{\"@type\":\"ListItem\",\"position\":2,\"name\":\"Death Cafe\"}]},{\"@type\":\"WebSite\",\"@id\":\"https:\/\/costabravahospice.com\/#website\",\"url\":\"https:\/\/costabravahospice.com\/\",\"name\":\"Costa Brava Hospice\",\"description\":\"Offering help and support to those with life limiting illnesses and their families\",\"potentialAction\":[{\"@type\":\"SearchAction\",\"target\":{\"@type\":\"EntryPoint\",\"urlTemplate\":\"https:\/\/costabravahospice.com\/?s={search_term_string}\"},\"query-input\":{\"@type\":\"PropertyValueSpecification\",\"valueRequired\":true,\"valueName\":\"search_term_string\"}}],\"inLanguage\":\"ca\"}]}<\/script>\n<!-- \/ Yoast SEO plugin. -->","yoast_head_json":{"title":"Death Cafe - Costa Brava Hospice","robots":{"index":"index","follow":"follow","max-snippet":"max-snippet:-1","max-image-preview":"max-image-preview:large","max-video-preview":"max-video-preview:-1"},"canonical":"https:\/\/costabravahospice.com\/ca\/death-cafe\/","og_locale":"ca_ES","og_type":"article","og_title":"Death Cafe - Costa Brava Hospice","og_url":"https:\/\/costabravahospice.com\/ca\/death-cafe\/","og_site_name":"Costa Brava Hospice","article_modified_time":"2022-11-15T17:47:52+00:00","twitter_card":"summary_large_image","twitter_misc":{"Temps estimat de lectura":"2 minuts"},"schema":{"@context":"https:\/\/schema.org","@graph":[{"@type":"WebPage","@id":"https:\/\/costabravahospice.com\/ca\/death-cafe\/","url":"https:\/\/costabravahospice.com\/ca\/death-cafe\/","name":"Death Cafe - Costa Brava Hospice","isPartOf":{"@id":"https:\/\/costabravahospice.com\/#website"},"datePublished":"2022-07-14T09:54:51+00:00","dateModified":"2022-11-15T17:47:52+00:00","breadcrumb":{"@id":"https:\/\/costabravahospice.com\/ca\/death-cafe\/#breadcrumb"},"inLanguage":"ca","potentialAction":[{"@type":"ReadAction","target":["https:\/\/costabravahospice.com\/ca\/death-cafe\/"]}]},{"@type":"BreadcrumbList","@id":"https:\/\/costabravahospice.com\/ca\/death-cafe\/#breadcrumb","itemListElement":[{"@type":"ListItem","position":1,"name":"Portada","item":"https:\/\/costabravahospice.com\/ca\/costa-brava-hospice\/"},{"@type":"ListItem","position":2,"name":"Death Cafe"}]},{"@type":"WebSite","@id":"https:\/\/costabravahospice.com\/#website","url":"https:\/\/costabravahospice.com\/","name":"Costa Brava Hospice","description":"Offering help and support to those with life limiting illnesses and their families","potentialAction":[{"@type":"SearchAction","target":{"@type":"EntryPoint","urlTemplate":"https:\/\/costabravahospice.com\/?s={search_term_string}"},"query-input":{"@type":"PropertyValueSpecification","valueRequired":true,"valueName":"search_term_string"}}],"inLanguage":"ca"}]}},"campaignId":"","_links":{"self":[{"href":"https:\/\/costabravahospice.com\/ca\/wp-json\/wp\/v2\/pages\/3059","targetHints":{"allow":["GET"]}}],"collection":[{"href":"https:\/\/costabravahospice.com\/ca\/wp-json\/wp\/v2\/pages"}],"about":[{"href":"https:\/\/costabravahospice.com\/ca\/wp-json\/wp\/v2\/types\/page"}],"author":[{"embeddable":true,"href":"https:\/\/costabravahospice.com\/ca\/wp-json\/wp\/v2\/users\/1"}],"replies":[{"embeddable":true,"href":"https:\/\/costabravahospice.com\/ca\/wp-json\/wp\/v2\/comments?post=3059"}],"version-history":[{"count":5,"href":"https:\/\/costabravahospice.com\/ca\/wp-json\/wp\/v2\/pages\/3059\/revisions"}],"predecessor-version":[{"id":3303,"href":"https:\/\/costabravahospice.com\/ca\/wp-json\/wp\/v2\/pages\/3059\/revisions\/3303"}],"wp:attachment":[{"href":"https:\/\/costabravahospice.com\/ca\/wp-json\/wp\/v2\/media?parent=3059"}],"curies":[{"name":"wp","href":"https:\/\/api.w.org\/{rel}","templated":true}]}}