{"id":3085,"date":"2022-07-14T11:09:30","date_gmt":"2022-07-14T10:09:30","guid":{"rendered":"https:\/\/costabravahospice.com\/realitza-un-donatiu\/"},"modified":"2022-07-14T11:13:28","modified_gmt":"2022-07-14T10:13:28","slug":"realitza-un-donatiu","status":"publish","type":"page","link":"https:\/\/costabravahospice.com\/ca\/realitza-un-donatiu\/","title":{"rendered":"REALITZA UN DONATIU"},"content":{"rendered":"<div id='av_section_1'  class='avia-section av-fieaai-7ca840000e44b313971e9f9aac993359 main_color avia-section-default avia-no-border-styling  avia-builder-el-0  el_before_av_section  avia-builder-el-first  avia-bg-style-scroll container_wrap sidebar_right'  ><div class='container av-section-cont-open' ><main  role=\"main\" itemprop=\"mainContentOfPage\"  class='template-page content  av-content-small alpha units'><div class='post-entry post-entry-type-page post-entry-3085'><div class='entry-content-wrapper clearfix'>\n<div class='flex_column_table av-kxfyp9sg-ac17b91b5e37b46d98d6333e609910cb sc-av_one_third av-equal-height-column-flextable'>\n<style type=\"text\/css\" data-created_by=\"avia_inline_auto\" id=\"style-css-av-kxfyp9sg-ac17b91b5e37b46d98d6333e609910cb\">\n.flex_column.av-kxfyp9sg-ac17b91b5e37b46d98d6333e609910cb{\nborder-radius:0px 0px 0px 0px;\npadding:0px 0px 0px 0px;\nbackground:url(https:\/\/costabravahospice.com\/wp-content\/uploads\/2020\/11\/onboarding-preview-form-image.min_.jpg) 50% 50% no-repeat scroll ;\n}\n<\/style>\n<div  class='flex_column av-kxfyp9sg-ac17b91b5e37b46d98d6333e609910cb av_one_third  avia-builder-el-1  el_before_av_two_third  avia-builder-el-first  first flex_column_table_cell av-equal-height-column av-align-top av-zero-column-padding avia-full-stretch  '     ><\/div><div class='av-flex-placeholder'><\/div>\n<style type=\"text\/css\" data-created_by=\"avia_inline_auto\" id=\"style-css-av-28zffu-85f64213ea3fe2143a9614ca5f8ea7ef\">\n.flex_column.av-28zffu-85f64213ea3fe2143a9614ca5f8ea7ef{\nborder-radius:0px 0px 0px 0px;\npadding:0px 0px 0px 0px;\n}\n<\/style>\n<div  class='flex_column av-28zffu-85f64213ea3fe2143a9614ca5f8ea7ef av_two_third  avia-builder-el-2  el_after_av_one_third  avia-builder-el-last  flex_column_table_cell av-equal-height-column av-align-top av-zero-column-padding  '     ><p>\n<style type=\"text\/css\" data-created_by=\"avia_inline_auto\" id=\"style-css-av-ekoxqi-e948bf610b9293dc30528dfdf6c57690\">\n#top .av-special-heading.av-ekoxqi-e948bf610b9293dc30528dfdf6c57690{\npadding-bottom:50px;\n}\nbody .av-special-heading.av-ekoxqi-e948bf610b9293dc30528dfdf6c57690 .av-special-heading-tag .heading-char{\nfont-size:25px;\n}\n.av-special-heading.av-ekoxqi-e948bf610b9293dc30528dfdf6c57690 .av-subheading{\nfont-size:15px;\n}\n<\/style>\n<div  class='av-special-heading av-ekoxqi-e948bf610b9293dc30528dfdf6c57690 av-special-heading-h2 blockquote modern-quote modern-centered  avia-builder-el-3  el_before_av_textblock  avia-builder-el-first '><h2 class='av-special-heading-tag '  itemprop=\"headline\"  >COL\u00b7LABORA<\/h2><div class=\"special-heading-border\"><div class=\"special-heading-inner-border\"><\/div><\/div><\/div><br \/>\n\n<style type=\"text\/css\" data-created_by=\"avia_inline_auto\" id=\"style-css-av-br8vyy-ab681041f55c90a3931559a4214f405a\">\n#top .av_textblock_section.av-br8vyy-ab681041f55c90a3931559a4214f405a .avia_textblock{\nfont-size:18px;\n}\n<\/style>\n<section  class='av_textblock_section av-br8vyy-ab681041f55c90a3931559a4214f405a '   itemscope=\"itemscope\" itemtype=\"https:\/\/schema.org\/CreativeWork\" ><div class='avia_textblock'  itemprop=\"text\" ><p>Una de les premisses b\u00e0siques del <em>hospice<\/em> \u00e9s la lliure i gratu\u00efta disposici\u00f3 del servei a tothom qui ho necessiti, sense discriminaci\u00f3 de ra\u00e7a, creences o nivell socioecon\u00f2mic.<\/p>\n<p>El servei <em>hospice<\/em> sorgeix de necessitat social. Els moments que s&#8217;acosten a la mort d&#8217;una persona s\u00f3n moments de m\u00e0xima consci\u00e8ncia, en qu\u00e8 cal m\u00e9s que mai sentir la pres\u00e8ncia compassiva i la calor humana dels \u00e9ssers que ens envolten, per tancar el cicle sota un clima de significat i valor per all\u00f2 singular d&#8217;una vida.<\/p>\n<p>Tot i aix\u00f2, i encara que ens agradaria no pensar en necessitats econ\u00f2miques i centrar-nos en l&#8217;ess\u00e8ncia de l&#8217;acompanyament, com passa en totes les iniciatives, calen uns fons m\u00ednims per poder funcionar.<\/p>\n<p>Costa Brava Hospice es nodreix de donacions de particulars i d&#8217;empreses sensibles al tema, i tamb\u00e9 a trav\u00e9s de l&#8217;organitzaci\u00f3 d&#8217;esdeveniments i cursos destinats a recaptar fons per poder desenvolupar la nostra activitat.<\/p>\n<p>Ajuda&#8217;ns a fer-ho possible!<\/p>\n<\/div><\/section><\/p><\/div><\/div><!--close column table wrapper. Autoclose: 1 --><\/div><\/div><\/main><!-- close content main element --><\/div><\/div><div id='av_section_2'  class='avia-section av-bax6ka-4b25db4f2e0878a8333a310433be1c56 alternate_color avia-section-default avia-no-border-styling  avia-builder-el-5  el_after_av_section  avia-builder-el-last  avia-bg-style-scroll container_wrap sidebar_right'  ><div class='container av-section-cont-open' ><div class='template-page content  av-content-small alpha units'><div class='post-entry post-entry-type-page post-entry-3085'><div class='entry-content-wrapper clearfix'>\n\n<style type=\"text\/css\" data-created_by=\"avia_inline_auto\" id=\"style-css-av-90sndm-c7a5e76c38b76e16e28b6881701a8d47\">\n.flex_column.av-90sndm-c7a5e76c38b76e16e28b6881701a8d47{\nborder-radius:0px 0px 0px 0px;\npadding:0px 0px 0px 0px;\n}\n<\/style>\n<div  class='flex_column av-90sndm-c7a5e76c38b76e16e28b6881701a8d47 av_one_full  avia-builder-el-6  el_before_av_one_full  avia-builder-el-first  first flex_column_div av-zero-column-padding  '     ><section  class='av_textblock_section av-7ti09m-fc398a9105b9036b970807104a973325 '   itemscope=\"itemscope\" itemtype=\"https:\/\/schema.org\/CreativeWork\" ><div class='avia_textblock'  itemprop=\"text\" ><h3 style=\"text-align: center;\"><strong>REALITZA UN DONATIU<\/strong><\/h3>\n<p style=\"text-align: center;\">El teu donatiu, per petit que sigui, ajudar\u00e0 moltes persones a rebre el millor acompanyament f\u00edsic, social, emocional i espiritual al final de la seva vida.<\/p>\n<\/div><\/section><br \/>\n<div  class='avia-button-wrap av-6f1iqy-5f0704827676c164ce7d7b7c37721c59-wrap avia-button-center  avia-builder-el-8  el_after_av_textblock  avia-builder-el-last '><a href='https:\/\/costabravahospice.com\/es\/haz-una-donacion\/'  class='avia-button av-6f1iqy-5f0704827676c164ce7d7b7c37721c59 av-link-btn avia-icon_select-no avia-size-x-large avia-position-center avia-color-theme-color'   aria-label=\"DONAR\"><span class='avia_iconbox_title' >DONAR<\/span><\/a><\/div><\/p><\/div>\n<style type=\"text\/css\" data-created_by=\"avia_inline_auto\" id=\"style-css-av-4dt7ca-0795be341251bc872429ac451a1595df\">\n.flex_column.av-4dt7ca-0795be341251bc872429ac451a1595df{\nborder-radius:0px 0px 0px 0px;\npadding:0px 0px 0px 0px;\n}\n<\/style>\n<div  class='flex_column av-4dt7ca-0795be341251bc872429ac451a1595df av_one_full  avia-builder-el-9  el_after_av_one_full  avia-builder-el-last  first flex_column_div av-zero-column-padding  column-top-margin'     ><section  class='av_textblock_section av-2tmize-7f337b13c42dbcf5c1d3e906c593be9a '   itemscope=\"itemscope\" itemtype=\"https:\/\/schema.org\/CreativeWork\" ><div class='avia_textblock'  itemprop=\"text\" ><p style=\"text-align: center;\">Si ho prefereixes, pots fer una transfer\u00e8ncia al compte bancari del Costa Brava Hospice<\/p>\n<p style=\"text-align: center;\"><strong>ES14-0081-1718-690001190328<\/strong><\/p>\n<\/div><\/section><\/div><\/div><\/div><\/div><!-- close content main div --><\/div><\/div><div id='after_section_2'  class='main_color av_default_container_wrap container_wrap sidebar_right'  ><div class='container av-section-cont-open' ><div class='template-page content  av-content-small alpha units'><div class='post-entry post-entry-type-page post-entry-3085'><div class='entry-content-wrapper clearfix'><\/p>\n","protected":false},"excerpt":{"rendered":"","protected":false},"author":1,"featured_media":0,"parent":0,"menu_order":0,"comment_status":"closed","ping_status":"closed","template":"","meta":{"give_campaign_id":0,"footnotes":""},"class_list":["post-3085","page","type-page","status-publish","hentry"],"yoast_head":"<!-- This site is optimized with the Yoast SEO plugin v27.2 - https:\/\/yoast.com\/product\/yoast-seo-wordpress\/ -->\n<title>REALITZA UN DONATIU - Costa Brava Hospice<\/title>\n<meta name=\"robots\" content=\"index, follow, max-snippet:-1, max-image-preview:large, max-video-preview:-1\" \/>\n<link rel=\"canonical\" href=\"https:\/\/costabravahospice.com\/ca\/realitza-un-donatiu\/\" \/>\n<meta property=\"og:locale\" content=\"ca_ES\" \/>\n<meta property=\"og:type\" content=\"article\" \/>\n<meta property=\"og:title\" content=\"REALITZA UN DONATIU - Costa Brava Hospice\" \/>\n<meta property=\"og:url\" content=\"https:\/\/costabravahospice.com\/ca\/realitza-un-donatiu\/\" \/>\n<meta property=\"og:site_name\" content=\"Costa Brava Hospice\" \/>\n<meta property=\"article:modified_time\" content=\"2022-07-14T10:13:28+00:00\" \/>\n<meta name=\"twitter:card\" content=\"summary_large_image\" \/>\n<meta name=\"twitter:label1\" content=\"Temps estimat de lectura\" \/>\n\t<meta name=\"twitter:data1\" content=\"7 minuts\" \/>\n<script type=\"application\/ld+json\" class=\"yoast-schema-graph\">{\"@context\":\"https:\/\/schema.org\",\"@graph\":[{\"@type\":\"WebPage\",\"@id\":\"https:\/\/costabravahospice.com\/ca\/realitza-un-donatiu\/\",\"url\":\"https:\/\/costabravahospice.com\/ca\/realitza-un-donatiu\/\",\"name\":\"REALITZA UN DONATIU - Costa Brava Hospice\",\"isPartOf\":{\"@id\":\"https:\/\/costabravahospice.com\/#website\"},\"datePublished\":\"2022-07-14T10:09:30+00:00\",\"dateModified\":\"2022-07-14T10:13:28+00:00\",\"breadcrumb\":{\"@id\":\"https:\/\/costabravahospice.com\/ca\/realitza-un-donatiu\/#breadcrumb\"},\"inLanguage\":\"ca\",\"potentialAction\":[{\"@type\":\"ReadAction\",\"target\":[\"https:\/\/costabravahospice.com\/ca\/realitza-un-donatiu\/\"]}]},{\"@type\":\"BreadcrumbList\",\"@id\":\"https:\/\/costabravahospice.com\/ca\/realitza-un-donatiu\/#breadcrumb\",\"itemListElement\":[{\"@type\":\"ListItem\",\"position\":1,\"name\":\"Portada\",\"item\":\"https:\/\/costabravahospice.com\/ca\/costa-brava-hospice\/\"},{\"@type\":\"ListItem\",\"position\":2,\"name\":\"REALITZA UN DONATIU\"}]},{\"@type\":\"WebSite\",\"@id\":\"https:\/\/costabravahospice.com\/#website\",\"url\":\"https:\/\/costabravahospice.com\/\",\"name\":\"Costa Brava Hospice\",\"description\":\"Offering help and support to those with life limiting illnesses and their families\",\"potentialAction\":[{\"@type\":\"SearchAction\",\"target\":{\"@type\":\"EntryPoint\",\"urlTemplate\":\"https:\/\/costabravahospice.com\/?s={search_term_string}\"},\"query-input\":{\"@type\":\"PropertyValueSpecification\",\"valueRequired\":true,\"valueName\":\"search_term_string\"}}],\"inLanguage\":\"ca\"}]}<\/script>\n<!-- \/ Yoast SEO plugin. -->","yoast_head_json":{"title":"REALITZA UN DONATIU - Costa Brava Hospice","robots":{"index":"index","follow":"follow","max-snippet":"max-snippet:-1","max-image-preview":"max-image-preview:large","max-video-preview":"max-video-preview:-1"},"canonical":"https:\/\/costabravahospice.com\/ca\/realitza-un-donatiu\/","og_locale":"ca_ES","og_type":"article","og_title":"REALITZA UN DONATIU - Costa Brava Hospice","og_url":"https:\/\/costabravahospice.com\/ca\/realitza-un-donatiu\/","og_site_name":"Costa Brava Hospice","article_modified_time":"2022-07-14T10:13:28+00:00","twitter_card":"summary_large_image","twitter_misc":{"Temps estimat de lectura":"7 minuts"},"schema":{"@context":"https:\/\/schema.org","@graph":[{"@type":"WebPage","@id":"https:\/\/costabravahospice.com\/ca\/realitza-un-donatiu\/","url":"https:\/\/costabravahospice.com\/ca\/realitza-un-donatiu\/","name":"REALITZA UN DONATIU - Costa Brava Hospice","isPartOf":{"@id":"https:\/\/costabravahospice.com\/#website"},"datePublished":"2022-07-14T10:09:30+00:00","dateModified":"2022-07-14T10:13:28+00:00","breadcrumb":{"@id":"https:\/\/costabravahospice.com\/ca\/realitza-un-donatiu\/#breadcrumb"},"inLanguage":"ca","potentialAction":[{"@type":"ReadAction","target":["https:\/\/costabravahospice.com\/ca\/realitza-un-donatiu\/"]}]},{"@type":"BreadcrumbList","@id":"https:\/\/costabravahospice.com\/ca\/realitza-un-donatiu\/#breadcrumb","itemListElement":[{"@type":"ListItem","position":1,"name":"Portada","item":"https:\/\/costabravahospice.com\/ca\/costa-brava-hospice\/"},{"@type":"ListItem","position":2,"name":"REALITZA UN DONATIU"}]},{"@type":"WebSite","@id":"https:\/\/costabravahospice.com\/#website","url":"https:\/\/costabravahospice.com\/","name":"Costa Brava Hospice","description":"Offering help and support to those with life limiting illnesses and their families","potentialAction":[{"@type":"SearchAction","target":{"@type":"EntryPoint","urlTemplate":"https:\/\/costabravahospice.com\/?s={search_term_string}"},"query-input":{"@type":"PropertyValueSpecification","valueRequired":true,"valueName":"search_term_string"}}],"inLanguage":"ca"}]}},"campaignId":"","_links":{"self":[{"href":"https:\/\/costabravahospice.com\/ca\/wp-json\/wp\/v2\/pages\/3085","targetHints":{"allow":["GET"]}}],"collection":[{"href":"https:\/\/costabravahospice.com\/ca\/wp-json\/wp\/v2\/pages"}],"about":[{"href":"https:\/\/costabravahospice.com\/ca\/wp-json\/wp\/v2\/types\/page"}],"author":[{"embeddable":true,"href":"https:\/\/costabravahospice.com\/ca\/wp-json\/wp\/v2\/users\/1"}],"replies":[{"embeddable":true,"href":"https:\/\/costabravahospice.com\/ca\/wp-json\/wp\/v2\/comments?post=3085"}],"version-history":[{"count":4,"href":"https:\/\/costabravahospice.com\/ca\/wp-json\/wp\/v2\/pages\/3085\/revisions"}],"predecessor-version":[{"id":3089,"href":"https:\/\/costabravahospice.com\/ca\/wp-json\/wp\/v2\/pages\/3085\/revisions\/3089"}],"wp:attachment":[{"href":"https:\/\/costabravahospice.com\/ca\/wp-json\/wp\/v2\/media?parent=3085"}],"curies":[{"name":"wp","href":"https:\/\/api.w.org\/{rel}","templated":true}]}}