{"id":3093,"date":"2022-07-14T11:17:03","date_gmt":"2022-07-14T10:17:03","guid":{"rendered":"https:\/\/costabravahospice.com\/recorda-a-algu\/"},"modified":"2022-07-14T11:17:52","modified_gmt":"2022-07-14T10:17:52","slug":"recorda-a-algu","status":"publish","type":"page","link":"https:\/\/costabravahospice.com\/ca\/recorda-a-algu\/","title":{"rendered":"RECORDA A ALG\u00da"},"content":{"rendered":"<div id='av_section_1'  class='avia-section av-5rktst-68ce076e00693508519d6062136b3e2b main_color avia-section-default avia-no-border-styling  avia-builder-el-0  avia-builder-el-no-sibling  avia-bg-style-scroll container_wrap sidebar_right'  ><div class='container av-section-cont-open' ><main  role=\"main\" itemprop=\"mainContentOfPage\"  class='template-page content  av-content-small alpha units'><div class='post-entry post-entry-type-page post-entry-3093'><div class='entry-content-wrapper clearfix'>\n<div class='flex_column_table av-kxfyyhe9-274326049e3f0d720b59f4e35fe41617 sc-av_one_third av-equal-height-column-flextable'>\n<style type=\"text\/css\" data-created_by=\"avia_inline_auto\" id=\"style-css-av-kxfyyhe9-274326049e3f0d720b59f4e35fe41617\">\n.flex_column.av-kxfyyhe9-274326049e3f0d720b59f4e35fe41617{\nborder-radius:0px 0px 0px 0px;\npadding:0px 0px 0px 0px;\nbackground:url(https:\/\/costabravahospice.com\/wp-content\/uploads\/2021\/12\/happy-couple-holding-hands-by-window.jpg) 50% 50% no-repeat scroll ;\n}\n<\/style>\n<div  class='flex_column av-kxfyyhe9-274326049e3f0d720b59f4e35fe41617 av_one_third  avia-builder-el-1  el_before_av_two_third  avia-builder-el-first  first flex_column_table_cell av-equal-height-column av-align-top av-zero-column-padding avia-full-stretch  '     ><\/div><div class='av-flex-placeholder'><\/div>\n<style type=\"text\/css\" data-created_by=\"avia_inline_auto\" id=\"style-css-av-1tvntp-0579815860337bd81cd86836b22fe902\">\n.flex_column.av-1tvntp-0579815860337bd81cd86836b22fe902{\nborder-radius:0px 0px 0px 0px;\npadding:0px 0px 0px 0px;\n}\n<\/style>\n<div  class='flex_column av-1tvntp-0579815860337bd81cd86836b22fe902 av_two_third  avia-builder-el-2  el_after_av_one_third  avia-builder-el-last  flex_column_table_cell av-equal-height-column av-align-top av-zero-column-padding  '     ><p>\n<style type=\"text\/css\" data-created_by=\"avia_inline_auto\" id=\"style-css-av-3iyy7h-2664611781883d3c7eefda8489018738\">\n#top .av-special-heading.av-3iyy7h-2664611781883d3c7eefda8489018738{\npadding-bottom:50px;\n}\nbody .av-special-heading.av-3iyy7h-2664611781883d3c7eefda8489018738 .av-special-heading-tag .heading-char{\nfont-size:25px;\n}\n.av-special-heading.av-3iyy7h-2664611781883d3c7eefda8489018738 .av-subheading{\nfont-size:15px;\n}\n<\/style>\n<div  class='av-special-heading av-3iyy7h-2664611781883d3c7eefda8489018738 av-special-heading-h2 blockquote modern-quote modern-centered  avia-builder-el-3  el_before_av_textblock  avia-builder-el-first '><h2 class='av-special-heading-tag '  itemprop=\"headline\"  >RECORDA A ALG\u00da<\/h2><div class=\"special-heading-border\"><div class=\"special-heading-inner-border\"><\/div><\/div><\/div><br \/>\n<section  class='av_textblock_section av-2vktul-23626b135e416c77ac9632a1e24578ba '   itemscope=\"itemscope\" itemtype=\"https:\/\/schema.org\/CreativeWork\" ><div class='avia_textblock'  itemprop=\"text\" ><p>Realitzar una donaci\u00f3 en mem\u00f2ria d&#8217;un \u00e9sser estimat \u00e9s una manera especial de celebrar la seva vida.<\/p>\n<p>El teu record ens ajudar\u00e0 a garantir que tothom, sense importar qui \u00e9s o on es troba, pugui rebre la millor atenci\u00f3 al final de la seva vida.<\/p>\n<p>Si ho desitges, li enviarem un justificant de recepci\u00f3 del seu donatiu a la fam\u00edlia o persona que esculli. L&#8217;import del vostre regal es pot incloure o ometre en el reconeixement, segons la vostra prefer\u00e8ncia.<\/p>\n<\/div><\/section><\/p><\/div><\/div><!--close column table wrapper. Autoclose: 1 --><\/div><\/div><\/main><!-- close content main element --><\/div><\/div><div id='after_section_1'  class='main_color av_default_container_wrap container_wrap sidebar_right'  ><div class='container av-section-cont-open' ><div class='template-page content  av-content-small alpha units'><div class='post-entry post-entry-type-page post-entry-3093'><div class='entry-content-wrapper clearfix'>\n","protected":false},"excerpt":{"rendered":"","protected":false},"author":1,"featured_media":0,"parent":0,"menu_order":0,"comment_status":"closed","ping_status":"closed","template":"","meta":{"give_campaign_id":0,"footnotes":""},"class_list":["post-3093","page","type-page","status-publish","hentry"],"yoast_head":"<!-- This site is optimized with the Yoast SEO plugin v27.4 - https:\/\/yoast.com\/product\/yoast-seo-wordpress\/ -->\n<title>RECORDA A ALG\u00da - Costa Brava Hospice<\/title>\n<meta name=\"robots\" content=\"index, follow, max-snippet:-1, max-image-preview:large, max-video-preview:-1\" \/>\n<link rel=\"canonical\" href=\"https:\/\/costabravahospice.com\/ca\/recorda-a-algu\/\" \/>\n<meta property=\"og:locale\" content=\"ca_ES\" \/>\n<meta property=\"og:type\" content=\"article\" \/>\n<meta property=\"og:title\" content=\"RECORDA A ALG\u00da - Costa Brava Hospice\" \/>\n<meta property=\"og:url\" content=\"https:\/\/costabravahospice.com\/ca\/recorda-a-algu\/\" \/>\n<meta property=\"og:site_name\" content=\"Costa Brava Hospice\" \/>\n<meta property=\"article:modified_time\" content=\"2022-07-14T10:17:52+00:00\" \/>\n<meta name=\"twitter:card\" content=\"summary_large_image\" \/>\n<meta name=\"twitter:label1\" content=\"Temps estimat de lectura\" \/>\n\t<meta name=\"twitter:data1\" content=\"3 minuts\" \/>\n<script type=\"application\/ld+json\" class=\"yoast-schema-graph\">{\"@context\":\"https:\\\/\\\/schema.org\",\"@graph\":[{\"@type\":\"WebPage\",\"@id\":\"https:\\\/\\\/costabravahospice.com\\\/ca\\\/recorda-a-algu\\\/\",\"url\":\"https:\\\/\\\/costabravahospice.com\\\/ca\\\/recorda-a-algu\\\/\",\"name\":\"RECORDA A ALG\u00da - Costa Brava Hospice\",\"isPartOf\":{\"@id\":\"https:\\\/\\\/costabravahospice.com\\\/#website\"},\"datePublished\":\"2022-07-14T10:17:03+00:00\",\"dateModified\":\"2022-07-14T10:17:52+00:00\",\"breadcrumb\":{\"@id\":\"https:\\\/\\\/costabravahospice.com\\\/ca\\\/recorda-a-algu\\\/#breadcrumb\"},\"inLanguage\":\"ca\",\"potentialAction\":[{\"@type\":\"ReadAction\",\"target\":[\"https:\\\/\\\/costabravahospice.com\\\/ca\\\/recorda-a-algu\\\/\"]}]},{\"@type\":\"BreadcrumbList\",\"@id\":\"https:\\\/\\\/costabravahospice.com\\\/ca\\\/recorda-a-algu\\\/#breadcrumb\",\"itemListElement\":[{\"@type\":\"ListItem\",\"position\":1,\"name\":\"Portada\",\"item\":\"https:\\\/\\\/costabravahospice.com\\\/ca\\\/costa-brava-hospice\\\/\"},{\"@type\":\"ListItem\",\"position\":2,\"name\":\"RECORDA A ALG\u00da\"}]},{\"@type\":\"WebSite\",\"@id\":\"https:\\\/\\\/costabravahospice.com\\\/#website\",\"url\":\"https:\\\/\\\/costabravahospice.com\\\/\",\"name\":\"Costa Brava Hospice\",\"description\":\"Offering help and support to those with life limiting illnesses and their families\",\"potentialAction\":[{\"@type\":\"SearchAction\",\"target\":{\"@type\":\"EntryPoint\",\"urlTemplate\":\"https:\\\/\\\/costabravahospice.com\\\/?s={search_term_string}\"},\"query-input\":{\"@type\":\"PropertyValueSpecification\",\"valueRequired\":true,\"valueName\":\"search_term_string\"}}],\"inLanguage\":\"ca\"}]}<\/script>\n<!-- \/ Yoast SEO plugin. -->","yoast_head_json":{"title":"RECORDA A ALG\u00da - Costa Brava Hospice","robots":{"index":"index","follow":"follow","max-snippet":"max-snippet:-1","max-image-preview":"max-image-preview:large","max-video-preview":"max-video-preview:-1"},"canonical":"https:\/\/costabravahospice.com\/ca\/recorda-a-algu\/","og_locale":"ca_ES","og_type":"article","og_title":"RECORDA A ALG\u00da - Costa Brava Hospice","og_url":"https:\/\/costabravahospice.com\/ca\/recorda-a-algu\/","og_site_name":"Costa Brava Hospice","article_modified_time":"2022-07-14T10:17:52+00:00","twitter_card":"summary_large_image","twitter_misc":{"Temps estimat de lectura":"3 minuts"},"schema":{"@context":"https:\/\/schema.org","@graph":[{"@type":"WebPage","@id":"https:\/\/costabravahospice.com\/ca\/recorda-a-algu\/","url":"https:\/\/costabravahospice.com\/ca\/recorda-a-algu\/","name":"RECORDA A ALG\u00da - Costa Brava Hospice","isPartOf":{"@id":"https:\/\/costabravahospice.com\/#website"},"datePublished":"2022-07-14T10:17:03+00:00","dateModified":"2022-07-14T10:17:52+00:00","breadcrumb":{"@id":"https:\/\/costabravahospice.com\/ca\/recorda-a-algu\/#breadcrumb"},"inLanguage":"ca","potentialAction":[{"@type":"ReadAction","target":["https:\/\/costabravahospice.com\/ca\/recorda-a-algu\/"]}]},{"@type":"BreadcrumbList","@id":"https:\/\/costabravahospice.com\/ca\/recorda-a-algu\/#breadcrumb","itemListElement":[{"@type":"ListItem","position":1,"name":"Portada","item":"https:\/\/costabravahospice.com\/ca\/costa-brava-hospice\/"},{"@type":"ListItem","position":2,"name":"RECORDA A ALG\u00da"}]},{"@type":"WebSite","@id":"https:\/\/costabravahospice.com\/#website","url":"https:\/\/costabravahospice.com\/","name":"Costa Brava Hospice","description":"Offering help and support to those with life limiting illnesses and their families","potentialAction":[{"@type":"SearchAction","target":{"@type":"EntryPoint","urlTemplate":"https:\/\/costabravahospice.com\/?s={search_term_string}"},"query-input":{"@type":"PropertyValueSpecification","valueRequired":true,"valueName":"search_term_string"}}],"inLanguage":"ca"}]}},"campaignId":"","_links":{"self":[{"href":"https:\/\/costabravahospice.com\/ca\/wp-json\/wp\/v2\/pages\/3093","targetHints":{"allow":["GET"]}}],"collection":[{"href":"https:\/\/costabravahospice.com\/ca\/wp-json\/wp\/v2\/pages"}],"about":[{"href":"https:\/\/costabravahospice.com\/ca\/wp-json\/wp\/v2\/types\/page"}],"author":[{"embeddable":true,"href":"https:\/\/costabravahospice.com\/ca\/wp-json\/wp\/v2\/users\/1"}],"replies":[{"embeddable":true,"href":"https:\/\/costabravahospice.com\/ca\/wp-json\/wp\/v2\/comments?post=3093"}],"version-history":[{"count":4,"href":"https:\/\/costabravahospice.com\/ca\/wp-json\/wp\/v2\/pages\/3093\/revisions"}],"predecessor-version":[{"id":3097,"href":"https:\/\/costabravahospice.com\/ca\/wp-json\/wp\/v2\/pages\/3093\/revisions\/3097"}],"wp:attachment":[{"href":"https:\/\/costabravahospice.com\/ca\/wp-json\/wp\/v2\/media?parent=3093"}],"curies":[{"name":"wp","href":"https:\/\/api.w.org\/{rel}","templated":true}]}}