{"id":3100,"date":"2022-07-14T11:19:11","date_gmt":"2022-07-14T10:19:11","guid":{"rendered":"https:\/\/costabravahospice.com\/herencies-i-llegats\/"},"modified":"2022-07-14T11:19:12","modified_gmt":"2022-07-14T10:19:12","slug":"herencies-i-llegats","status":"publish","type":"page","link":"https:\/\/costabravahospice.com\/ca\/herencies-i-llegats\/","title":{"rendered":"HER\u00c8NCIES I LLEGATS"},"content":{"rendered":"<div id='av_section_1'  class='avia-section av-607ecw-6986a8e01ca458b790b3a47b27387436 main_color avia-section-default avia-no-border-styling  avia-builder-el-0  avia-builder-el-no-sibling  avia-bg-style-scroll container_wrap sidebar_right'  ><div class='container av-section-cont-open' ><main  role=\"main\" itemprop=\"mainContentOfPage\"  class='template-page content  av-content-small alpha units'><div class='post-entry post-entry-type-page post-entry-3100'><div class='entry-content-wrapper clearfix'>\n<div class='flex_column_table av-kxfz79r5-4f89562879b05e2045cdb80ec7e2ebb4 sc-av_one_third av-equal-height-column-flextable'>\n<style type=\"text\/css\" data-created_by=\"avia_inline_auto\" id=\"style-css-av-kxfz79r5-4f89562879b05e2045cdb80ec7e2ebb4\">\n.flex_column.av-kxfz79r5-4f89562879b05e2045cdb80ec7e2ebb4{\nborder-radius:0px 0px 0px 0px;\npadding:0px 0px 0px 0px;\nbackground:url(https:\/\/costabravahospice.com\/wp-content\/uploads\/2021\/12\/pexels-irina-anastasiu-54512.jpg) 0% 0% no-repeat scroll ;\n}\n<\/style>\n<div  class='flex_column av-kxfz79r5-4f89562879b05e2045cdb80ec7e2ebb4 av_one_third  avia-builder-el-1  el_before_av_two_third  avia-builder-el-first  first flex_column_table_cell av-equal-height-column av-align-top av-zero-column-padding avia-full-stretch  '     ><\/div><div class='av-flex-placeholder'><\/div>\n<style type=\"text\/css\" data-created_by=\"avia_inline_auto\" id=\"style-css-av-284zrk-4d3306b857f50f142ebccb134513ba14\">\n.flex_column.av-284zrk-4d3306b857f50f142ebccb134513ba14{\nborder-radius:0px 0px 0px 0px;\npadding:0px 0px 0px 0px;\n}\n<\/style>\n<div  class='flex_column av-284zrk-4d3306b857f50f142ebccb134513ba14 av_two_third  avia-builder-el-2  el_after_av_one_third  avia-builder-el-last  flex_column_table_cell av-equal-height-column av-align-top av-zero-column-padding  '     ><p>\n<style type=\"text\/css\" data-created_by=\"avia_inline_auto\" id=\"style-css-av-3xka8w-50725083b625621aa53b2511dbb3481c\">\n#top .av-special-heading.av-3xka8w-50725083b625621aa53b2511dbb3481c{\npadding-bottom:50px;\n}\nbody .av-special-heading.av-3xka8w-50725083b625621aa53b2511dbb3481c .av-special-heading-tag .heading-char{\nfont-size:25px;\n}\n.av-special-heading.av-3xka8w-50725083b625621aa53b2511dbb3481c .av-subheading{\nfont-size:15px;\n}\n<\/style>\n<div  class='av-special-heading av-3xka8w-50725083b625621aa53b2511dbb3481c av-special-heading-h2 blockquote modern-quote modern-centered  avia-builder-el-3  el_before_av_textblock  avia-builder-el-first '><h2 class='av-special-heading-tag '  itemprop=\"headline\"  >HER\u00c8NCIES I LLEGATS<\/h2><div class=\"special-heading-border\"><div class=\"special-heading-inner-border\"><\/div><\/div><\/div><br \/>\n<section  class='av_textblock_section av-2dq1f4-6e05d31d77f85e1381b6f55ae9a897a5 '   itemscope=\"itemscope\" itemtype=\"https:\/\/schema.org\/CreativeWork\" ><div class='avia_textblock'  itemprop=\"text\" ><p>Deixar un llegat al teu testament a Costa Brava Hospice no et costar\u00e0 res. Tot i aix\u00f2, per petit que sigui, tindr\u00e0 un gran impacte en el futur i en la vida de moltes persones.<br \/>\nUn llegat \u00e9s un acte a trav\u00e9s del qual una persona decideix repartir al testament part dels seus b\u00e9ns a una altra persona o organitzaci\u00f3. Si necessites m\u00e9s informaci\u00f3, si us plau, posa&#8217;t en contacte amb nosaltres.<br \/>\nM\u00f2bil: + 34 634 898 481<br \/>\ninfo@costabravahospice.com<\/p>\n<\/div><\/section><\/p><\/div><\/div><!--close column table wrapper. Autoclose: 1 --><\/div><\/div><\/main><!-- close content main element --><\/div><\/div><div id='after_section_1'  class='main_color av_default_container_wrap container_wrap sidebar_right'  ><div class='container av-section-cont-open' ><div class='template-page content  av-content-small alpha units'><div class='post-entry post-entry-type-page post-entry-3100'><div class='entry-content-wrapper clearfix'>\n","protected":false},"excerpt":{"rendered":"","protected":false},"author":1,"featured_media":0,"parent":0,"menu_order":0,"comment_status":"closed","ping_status":"closed","template":"","meta":{"give_campaign_id":0,"footnotes":""},"class_list":["post-3100","page","type-page","status-publish","hentry"],"yoast_head":"<!-- This site is optimized with the Yoast SEO plugin v27.2 - https:\/\/yoast.com\/product\/yoast-seo-wordpress\/ -->\n<title>HER\u00c8NCIES I LLEGATS - Costa Brava Hospice<\/title>\n<meta name=\"robots\" content=\"index, follow, max-snippet:-1, max-image-preview:large, max-video-preview:-1\" \/>\n<link rel=\"canonical\" href=\"https:\/\/costabravahospice.com\/colabora\/herencias-y-legados\/\" \/>\n<meta property=\"og:locale\" content=\"ca_ES\" \/>\n<meta property=\"og:type\" content=\"article\" \/>\n<meta property=\"og:title\" content=\"HER\u00c8NCIES I LLEGATS - Costa Brava Hospice\" \/>\n<meta property=\"og:url\" content=\"https:\/\/costabravahospice.com\/colabora\/herencias-y-legados\/\" \/>\n<meta property=\"og:site_name\" content=\"Costa Brava Hospice\" \/>\n<meta property=\"article:modified_time\" content=\"2022-07-14T10:19:12+00:00\" \/>\n<meta name=\"twitter:card\" content=\"summary_large_image\" \/>\n<meta name=\"twitter:label1\" content=\"Temps estimat de lectura\" \/>\n\t<meta name=\"twitter:data1\" content=\"3 minuts\" \/>\n<script type=\"application\/ld+json\" class=\"yoast-schema-graph\">{\"@context\":\"https:\/\/schema.org\",\"@graph\":[{\"@type\":\"WebPage\",\"@id\":\"https:\/\/costabravahospice.com\/colabora\/herencias-y-legados\/\",\"url\":\"https:\/\/costabravahospice.com\/colabora\/herencias-y-legados\/\",\"name\":\"HER\u00c8NCIES I LLEGATS - Costa Brava Hospice\",\"isPartOf\":{\"@id\":\"https:\/\/costabravahospice.com\/#website\"},\"datePublished\":\"2022-07-14T10:19:11+00:00\",\"dateModified\":\"2022-07-14T10:19:12+00:00\",\"breadcrumb\":{\"@id\":\"https:\/\/costabravahospice.com\/colabora\/herencias-y-legados\/#breadcrumb\"},\"inLanguage\":\"ca\",\"potentialAction\":[{\"@type\":\"ReadAction\",\"target\":[\"https:\/\/costabravahospice.com\/colabora\/herencias-y-legados\/\"]}]},{\"@type\":\"BreadcrumbList\",\"@id\":\"https:\/\/costabravahospice.com\/colabora\/herencias-y-legados\/#breadcrumb\",\"itemListElement\":[{\"@type\":\"ListItem\",\"position\":1,\"name\":\"Portada\",\"item\":\"https:\/\/costabravahospice.com\/ca\/costa-brava-hospice\/\"},{\"@type\":\"ListItem\",\"position\":2,\"name\":\"HER\u00c8NCIES I LLEGATS\"}]},{\"@type\":\"WebSite\",\"@id\":\"https:\/\/costabravahospice.com\/#website\",\"url\":\"https:\/\/costabravahospice.com\/\",\"name\":\"Costa Brava Hospice\",\"description\":\"Offering help and support to those with life limiting illnesses and their families\",\"potentialAction\":[{\"@type\":\"SearchAction\",\"target\":{\"@type\":\"EntryPoint\",\"urlTemplate\":\"https:\/\/costabravahospice.com\/?s={search_term_string}\"},\"query-input\":{\"@type\":\"PropertyValueSpecification\",\"valueRequired\":true,\"valueName\":\"search_term_string\"}}],\"inLanguage\":\"ca\"}]}<\/script>\n<!-- \/ Yoast SEO plugin. -->","yoast_head_json":{"title":"HER\u00c8NCIES I LLEGATS - Costa Brava Hospice","robots":{"index":"index","follow":"follow","max-snippet":"max-snippet:-1","max-image-preview":"max-image-preview:large","max-video-preview":"max-video-preview:-1"},"canonical":"https:\/\/costabravahospice.com\/colabora\/herencias-y-legados\/","og_locale":"ca_ES","og_type":"article","og_title":"HER\u00c8NCIES I LLEGATS - Costa Brava Hospice","og_url":"https:\/\/costabravahospice.com\/colabora\/herencias-y-legados\/","og_site_name":"Costa Brava Hospice","article_modified_time":"2022-07-14T10:19:12+00:00","twitter_card":"summary_large_image","twitter_misc":{"Temps estimat de lectura":"3 minuts"},"schema":{"@context":"https:\/\/schema.org","@graph":[{"@type":"WebPage","@id":"https:\/\/costabravahospice.com\/colabora\/herencias-y-legados\/","url":"https:\/\/costabravahospice.com\/colabora\/herencias-y-legados\/","name":"HER\u00c8NCIES I LLEGATS - Costa Brava Hospice","isPartOf":{"@id":"https:\/\/costabravahospice.com\/#website"},"datePublished":"2022-07-14T10:19:11+00:00","dateModified":"2022-07-14T10:19:12+00:00","breadcrumb":{"@id":"https:\/\/costabravahospice.com\/colabora\/herencias-y-legados\/#breadcrumb"},"inLanguage":"ca","potentialAction":[{"@type":"ReadAction","target":["https:\/\/costabravahospice.com\/colabora\/herencias-y-legados\/"]}]},{"@type":"BreadcrumbList","@id":"https:\/\/costabravahospice.com\/colabora\/herencias-y-legados\/#breadcrumb","itemListElement":[{"@type":"ListItem","position":1,"name":"Portada","item":"https:\/\/costabravahospice.com\/ca\/costa-brava-hospice\/"},{"@type":"ListItem","position":2,"name":"HER\u00c8NCIES I LLEGATS"}]},{"@type":"WebSite","@id":"https:\/\/costabravahospice.com\/#website","url":"https:\/\/costabravahospice.com\/","name":"Costa Brava Hospice","description":"Offering help and support to those with life limiting illnesses and their families","potentialAction":[{"@type":"SearchAction","target":{"@type":"EntryPoint","urlTemplate":"https:\/\/costabravahospice.com\/?s={search_term_string}"},"query-input":{"@type":"PropertyValueSpecification","valueRequired":true,"valueName":"search_term_string"}}],"inLanguage":"ca"}]}},"campaignId":"","_links":{"self":[{"href":"https:\/\/costabravahospice.com\/ca\/wp-json\/wp\/v2\/pages\/3100","targetHints":{"allow":["GET"]}}],"collection":[{"href":"https:\/\/costabravahospice.com\/ca\/wp-json\/wp\/v2\/pages"}],"about":[{"href":"https:\/\/costabravahospice.com\/ca\/wp-json\/wp\/v2\/types\/page"}],"author":[{"embeddable":true,"href":"https:\/\/costabravahospice.com\/ca\/wp-json\/wp\/v2\/users\/1"}],"replies":[{"embeddable":true,"href":"https:\/\/costabravahospice.com\/ca\/wp-json\/wp\/v2\/comments?post=3100"}],"version-history":[{"count":2,"href":"https:\/\/costabravahospice.com\/ca\/wp-json\/wp\/v2\/pages\/3100\/revisions"}],"predecessor-version":[{"id":3102,"href":"https:\/\/costabravahospice.com\/ca\/wp-json\/wp\/v2\/pages\/3100\/revisions\/3102"}],"wp:attachment":[{"href":"https:\/\/costabravahospice.com\/ca\/wp-json\/wp\/v2\/media?parent=3100"}],"curies":[{"name":"wp","href":"https:\/\/api.w.org\/{rel}","templated":true}]}}