{"id":3114,"date":"2022-07-14T11:24:22","date_gmt":"2022-07-14T10:24:22","guid":{"rendered":"https:\/\/costabravahospice.com\/contacte\/"},"modified":"2025-05-19T17:22:41","modified_gmt":"2025-05-19T16:22:41","slug":"contacte","status":"publish","type":"page","link":"https:\/\/costabravahospice.com\/ca\/contacte\/","title":{"rendered":"CONTACTE"},"content":{"rendered":"<div id='av_section_1'  class='avia-section av-2h4m57-a97729dd3af58a32bd58cc895ce5304a main_color avia-section-default avia-no-border-styling  avia-builder-el-0  avia-builder-el-no-sibling  avia-bg-style-scroll container_wrap sidebar_right'  ><div class='container av-section-cont-open' ><main  role=\"main\" itemprop=\"mainContentOfPage\"  class='template-page content  av-content-small alpha units'><div class='post-entry post-entry-type-page post-entry-3114'><div class='entry-content-wrapper clearfix'>\n\n<style type=\"text\/css\" data-created_by=\"avia_inline_auto\" id=\"style-css-av-2eoqj7-f9809f19d762023561949009e64f751e\">\n#top .av-special-heading.av-2eoqj7-f9809f19d762023561949009e64f751e{\npadding-bottom:31px;\n}\nbody .av-special-heading.av-2eoqj7-f9809f19d762023561949009e64f751e .av-special-heading-tag .heading-char{\nfont-size:25px;\n}\n.av-special-heading.av-2eoqj7-f9809f19d762023561949009e64f751e .av-subheading{\nfont-size:21px;\n}\n<\/style>\n<div  class='av-special-heading av-2eoqj7-f9809f19d762023561949009e64f751e av-special-heading-h2 blockquote modern-quote modern-centered  avia-builder-el-1  el_before_av_one_half  avia-builder-el-first '><h2 class='av-special-heading-tag '  itemprop=\"headline\"  >CONTACTE<\/h2><div class='av-subheading av-subheading_below'><p>Omple el formulari i ens posarem en contacte amb tu.<\/p>\n<\/div><div class=\"special-heading-border\"><div class=\"special-heading-inner-border\"><\/div><\/div><\/div>\n\n<style type=\"text\/css\" data-created_by=\"avia_inline_auto\" id=\"style-css-av-a88mib-dbb124a3bd9170ae959ba7ddc7782c74\">\n.flex_column.av-a88mib-dbb124a3bd9170ae959ba7ddc7782c74{\nborder-radius:0px 0px 0px 0px;\npadding:0px 0px 0px 0px;\n}\n<\/style>\n<div  class='flex_column av-a88mib-dbb124a3bd9170ae959ba7ddc7782c74 av_one_half  avia-builder-el-2  el_after_av_heading  el_before_av_one_half  first flex_column_div av-zero-column-padding  '     ><section  class='av_textblock_section av-mavan2a3-101e186b1ee60d6afc54406b17bf3b46 '   itemscope=\"itemscope\" itemtype=\"https:\/\/schema.org\/CreativeWork\" ><div class='avia_textblock'  itemprop=\"text\" >\n<div class=\"wpcf7 no-js\" id=\"wpcf7-f3778-o1\" lang=\"ca\" dir=\"ltr\" data-wpcf7-id=\"3778\">\n<div class=\"screen-reader-response\"><p role=\"status\" aria-live=\"polite\" aria-atomic=\"true\"><\/p> <ul><\/ul><\/div>\n<form action=\"\/ca\/wp-json\/wp\/v2\/pages\/3114#wpcf7-f3778-o1\" method=\"post\" class=\"wpcf7-form init\" aria-label=\"Formulari de contacte\" novalidate=\"novalidate\" data-status=\"init\">\n<fieldset class=\"hidden-fields-container\"><input type=\"hidden\" name=\"_wpcf7\" value=\"3778\" \/><input type=\"hidden\" name=\"_wpcf7_version\" value=\"6.1.5\" \/><input type=\"hidden\" name=\"_wpcf7_locale\" value=\"ca\" \/><input type=\"hidden\" name=\"_wpcf7_unit_tag\" value=\"wpcf7-f3778-o1\" \/><input type=\"hidden\" name=\"_wpcf7_container_post\" value=\"0\" \/><input type=\"hidden\" name=\"_wpcf7_posted_data_hash\" value=\"\" \/><input type=\"hidden\" name=\"_wpcf7_recaptcha_response\" value=\"\" \/>\n<\/fieldset>\n<p><label> Nom<br \/>\n<span class=\"wpcf7-form-control-wrap\" data-name=\"your-name\"><input size=\"40\" maxlength=\"400\" class=\"wpcf7-form-control wpcf7-text wpcf7-validates-as-required\" autocomplete=\"name\" aria-required=\"true\" aria-invalid=\"false\" value=\"\" type=\"text\" name=\"your-name\" \/><\/span> <\/label>\n<\/p>\n<p><label> email<br \/>\n<span class=\"wpcf7-form-control-wrap\" data-name=\"your-email\"><input size=\"40\" maxlength=\"400\" class=\"wpcf7-form-control wpcf7-email wpcf7-validates-as-required wpcf7-text wpcf7-validates-as-email\" autocomplete=\"email\" aria-required=\"true\" aria-invalid=\"false\" value=\"\" type=\"email\" name=\"your-email\" \/><\/span> <\/label>\n<\/p>\n<p><label> Assumpte<br \/>\n<span class=\"wpcf7-form-control-wrap\" data-name=\"your-subject\"><input size=\"40\" maxlength=\"400\" class=\"wpcf7-form-control wpcf7-text wpcf7-validates-as-required\" aria-required=\"true\" aria-invalid=\"false\" value=\"\" type=\"text\" name=\"your-subject\" \/><\/span> <\/label>\n<\/p>\n<p><label> Missatge (opcional)<br \/>\n<span class=\"wpcf7-form-control-wrap\" data-name=\"your-message\"><textarea cols=\"40\" rows=\"10\" maxlength=\"2000\" class=\"wpcf7-form-control wpcf7-textarea\" aria-invalid=\"false\" name=\"your-message\"><\/textarea><\/span> <\/label>\n<\/p>\n<p><input class=\"wpcf7-form-control wpcf7-submit has-spinner\" type=\"submit\" value=\"Enviar\" \/>\n<\/p><p style=\"display: none !important;\" class=\"akismet-fields-container\" data-prefix=\"_wpcf7_ak_\"><label>&#916;<textarea name=\"_wpcf7_ak_hp_textarea\" cols=\"45\" rows=\"8\" maxlength=\"100\"><\/textarea><\/label><input type=\"hidden\" id=\"ak_js_1\" name=\"_wpcf7_ak_js\" value=\"154\"\/><script>document.getElementById( \"ak_js_1\" ).setAttribute( \"value\", ( new Date() ).getTime() );<\/script><\/p><div class=\"wpcf7-response-output\" aria-hidden=\"true\"><\/div>\n<\/form>\n<\/div>\n\n<\/div><\/section><\/div>\n<style type=\"text\/css\" data-created_by=\"avia_inline_auto\" id=\"style-css-av-blz5f-38c64746d2816f4afe6870eb15ccac41\">\n.flex_column.av-blz5f-38c64746d2816f4afe6870eb15ccac41{\nborder-radius:0px 0px 0px 0px;\npadding:0px 0px 0px 0px;\n}\n<\/style>\n<div  class='flex_column av-blz5f-38c64746d2816f4afe6870eb15ccac41 av_one_half  avia-builder-el-4  el_after_av_one_half  avia-builder-el-last  flex_column_div av-zero-column-padding  '     ><p><section  class='av_textblock_section av-kfgo99xl-78881e90ce06261ba4d9bb038b1c0ce5 '   itemscope=\"itemscope\" itemtype=\"https:\/\/schema.org\/CreativeWork\" ><div class='avia_textblock'  itemprop=\"text\" ><p>Estarem encantats d&#8217;atendre&#8217;t i si ho necessites concertar una cita per parlar en persona, sobre les teves necessitats o les dels teus \u00e9ssers estimats.<br \/>\nEl nostre radi de treball de les feines hospice inclou la Costa Brava, on va n\u00e9ixer el projecte, i tamb\u00e9 la prov\u00edncia de Girona.<\/p>\n<p><strong>COSTA BRAVA HOSPICE<\/strong><br \/>\nPla\u00e7a Pompeu Fabra, 11<br \/>\n17002 GIRONA<\/p>\n<p>Tel\u00e8fon: + 34 634 898 481<\/p>\n<p><a href=\"mailto:info@costabravahospice.com\">info@costabravahospice.com<\/a><\/p>\n<\/div><\/section><br \/>\n<div  class='hr av-2qfmar-b21ae384f8074815532eaa2f4115847c hr-default  avia-builder-el-6  el_after_av_textblock  el_before_av_textblock '><span class='hr-inner '><span class=\"hr-inner-style\"><\/span><\/span><\/div><br \/>\n<section  class='av_textblock_section av-kfgo99xl-78881e90ce06261ba4d9bb038b1c0ce5 '   itemscope=\"itemscope\" itemtype=\"https:\/\/schema.org\/CreativeWork\" ><div class='avia_textblock'  itemprop=\"text\" ><div class=\"\" data-mesh-id=\"Cntnr0-gc8inlineContent\" data-testid=\"inline-content\">\n<div data-mesh-id=\"Cntnr0-gc8inlineContent-gridContainer\" data-testid=\"mesh-container-content\">\n<div id=\"WRchTxt0-q2f\" class=\"_1Z_nJ\" data-testid=\"richTextElement\">\n<h3 class=\"font_8\"><span class=\"color_11\">UNEIX-TE AL NOSTRE EQUIP <\/span><\/h3>\n<p class=\"font_8\"><span class=\"color_11\">Sempre busquem persones dedicades per unir-se al nostre ampli equip de voluntaris.<br \/>\nSi teniu alguna habilitat que creieu que us pot ser \u00fatil, <a href=\"https:\/\/costabravahospice.com\/ca\/voluntariat\/\">poseu-vos en contacte amb nosaltres.<\/a><\/span><\/p>\n<\/div>\n<\/div>\n<\/div>\n<\/div><\/section><\/p><\/div><\/div><\/div><\/main><!-- close content main element --><\/div><\/div><div id='after_section_1'  class='main_color av_default_container_wrap container_wrap sidebar_right'  ><div class='container av-section-cont-open' ><div class='template-page content  av-content-small alpha units'><div class='post-entry post-entry-type-page post-entry-3114'><div class='entry-content-wrapper clearfix'>\n","protected":false},"excerpt":{"rendered":"","protected":false},"author":1,"featured_media":0,"parent":0,"menu_order":0,"comment_status":"closed","ping_status":"closed","template":"","meta":{"give_campaign_id":0,"footnotes":""},"class_list":["post-3114","page","type-page","status-publish","hentry"],"yoast_head":"<!-- This site is optimized with the Yoast SEO plugin v27.2 - https:\/\/yoast.com\/product\/yoast-seo-wordpress\/ -->\n<title>CONTACTE - Costa Brava Hospice<\/title>\n<meta name=\"robots\" content=\"index, follow, max-snippet:-1, max-image-preview:large, max-video-preview:-1\" \/>\n<link rel=\"canonical\" href=\"https:\/\/costabravahospice.com\/ca\/contacte\/\" \/>\n<meta property=\"og:locale\" content=\"ca_ES\" \/>\n<meta property=\"og:type\" content=\"article\" \/>\n<meta property=\"og:title\" content=\"CONTACTE - Costa Brava Hospice\" \/>\n<meta property=\"og:url\" content=\"https:\/\/costabravahospice.com\/ca\/contacte\/\" \/>\n<meta property=\"og:site_name\" content=\"Costa Brava Hospice\" \/>\n<meta property=\"article:modified_time\" content=\"2025-05-19T16:22:41+00:00\" \/>\n<meta name=\"twitter:card\" content=\"summary_large_image\" \/>\n<meta name=\"twitter:label1\" content=\"Temps estimat de lectura\" \/>\n\t<meta name=\"twitter:data1\" content=\"1 minut\" \/>\n<script type=\"application\/ld+json\" class=\"yoast-schema-graph\">{\"@context\":\"https:\/\/schema.org\",\"@graph\":[{\"@type\":\"WebPage\",\"@id\":\"https:\/\/costabravahospice.com\/ca\/contacte\/\",\"url\":\"https:\/\/costabravahospice.com\/ca\/contacte\/\",\"name\":\"CONTACTE - Costa Brava Hospice\",\"isPartOf\":{\"@id\":\"https:\/\/costabravahospice.com\/#website\"},\"datePublished\":\"2022-07-14T10:24:22+00:00\",\"dateModified\":\"2025-05-19T16:22:41+00:00\",\"breadcrumb\":{\"@id\":\"https:\/\/costabravahospice.com\/ca\/contacte\/#breadcrumb\"},\"inLanguage\":\"ca\",\"potentialAction\":[{\"@type\":\"ReadAction\",\"target\":[\"https:\/\/costabravahospice.com\/ca\/contacte\/\"]}]},{\"@type\":\"BreadcrumbList\",\"@id\":\"https:\/\/costabravahospice.com\/ca\/contacte\/#breadcrumb\",\"itemListElement\":[{\"@type\":\"ListItem\",\"position\":1,\"name\":\"Portada\",\"item\":\"https:\/\/costabravahospice.com\/ca\/costa-brava-hospice\/\"},{\"@type\":\"ListItem\",\"position\":2,\"name\":\"CONTACTE\"}]},{\"@type\":\"WebSite\",\"@id\":\"https:\/\/costabravahospice.com\/#website\",\"url\":\"https:\/\/costabravahospice.com\/\",\"name\":\"Costa Brava Hospice\",\"description\":\"Offering help and support to those with life limiting illnesses and their families\",\"potentialAction\":[{\"@type\":\"SearchAction\",\"target\":{\"@type\":\"EntryPoint\",\"urlTemplate\":\"https:\/\/costabravahospice.com\/?s={search_term_string}\"},\"query-input\":{\"@type\":\"PropertyValueSpecification\",\"valueRequired\":true,\"valueName\":\"search_term_string\"}}],\"inLanguage\":\"ca\"}]}<\/script>\n<!-- \/ Yoast SEO plugin. -->","yoast_head_json":{"title":"CONTACTE - Costa Brava Hospice","robots":{"index":"index","follow":"follow","max-snippet":"max-snippet:-1","max-image-preview":"max-image-preview:large","max-video-preview":"max-video-preview:-1"},"canonical":"https:\/\/costabravahospice.com\/ca\/contacte\/","og_locale":"ca_ES","og_type":"article","og_title":"CONTACTE - Costa Brava Hospice","og_url":"https:\/\/costabravahospice.com\/ca\/contacte\/","og_site_name":"Costa Brava Hospice","article_modified_time":"2025-05-19T16:22:41+00:00","twitter_card":"summary_large_image","twitter_misc":{"Temps estimat de lectura":"1 minut"},"schema":{"@context":"https:\/\/schema.org","@graph":[{"@type":"WebPage","@id":"https:\/\/costabravahospice.com\/ca\/contacte\/","url":"https:\/\/costabravahospice.com\/ca\/contacte\/","name":"CONTACTE - Costa Brava Hospice","isPartOf":{"@id":"https:\/\/costabravahospice.com\/#website"},"datePublished":"2022-07-14T10:24:22+00:00","dateModified":"2025-05-19T16:22:41+00:00","breadcrumb":{"@id":"https:\/\/costabravahospice.com\/ca\/contacte\/#breadcrumb"},"inLanguage":"ca","potentialAction":[{"@type":"ReadAction","target":["https:\/\/costabravahospice.com\/ca\/contacte\/"]}]},{"@type":"BreadcrumbList","@id":"https:\/\/costabravahospice.com\/ca\/contacte\/#breadcrumb","itemListElement":[{"@type":"ListItem","position":1,"name":"Portada","item":"https:\/\/costabravahospice.com\/ca\/costa-brava-hospice\/"},{"@type":"ListItem","position":2,"name":"CONTACTE"}]},{"@type":"WebSite","@id":"https:\/\/costabravahospice.com\/#website","url":"https:\/\/costabravahospice.com\/","name":"Costa Brava Hospice","description":"Offering help and support to those with life limiting illnesses and their families","potentialAction":[{"@type":"SearchAction","target":{"@type":"EntryPoint","urlTemplate":"https:\/\/costabravahospice.com\/?s={search_term_string}"},"query-input":{"@type":"PropertyValueSpecification","valueRequired":true,"valueName":"search_term_string"}}],"inLanguage":"ca"}]}},"campaignId":"","_links":{"self":[{"href":"https:\/\/costabravahospice.com\/ca\/wp-json\/wp\/v2\/pages\/3114","targetHints":{"allow":["GET"]}}],"collection":[{"href":"https:\/\/costabravahospice.com\/ca\/wp-json\/wp\/v2\/pages"}],"about":[{"href":"https:\/\/costabravahospice.com\/ca\/wp-json\/wp\/v2\/types\/page"}],"author":[{"embeddable":true,"href":"https:\/\/costabravahospice.com\/ca\/wp-json\/wp\/v2\/users\/1"}],"replies":[{"embeddable":true,"href":"https:\/\/costabravahospice.com\/ca\/wp-json\/wp\/v2\/comments?post=3114"}],"version-history":[{"count":11,"href":"https:\/\/costabravahospice.com\/ca\/wp-json\/wp\/v2\/pages\/3114\/revisions"}],"predecessor-version":[{"id":3780,"href":"https:\/\/costabravahospice.com\/ca\/wp-json\/wp\/v2\/pages\/3114\/revisions\/3780"}],"wp:attachment":[{"href":"https:\/\/costabravahospice.com\/ca\/wp-json\/wp\/v2\/media?parent=3114"}],"curies":[{"name":"wp","href":"https:\/\/api.w.org\/{rel}","templated":true}]}}