{"id":3148,"date":"2022-07-14T11:38:42","date_gmt":"2022-07-14T10:38:42","guid":{"rendered":"https:\/\/costabravahospice.com\/visio-missio-i-valors\/"},"modified":"2022-07-14T11:55:32","modified_gmt":"2022-07-14T10:55:32","slug":"visio-missio-i-valors","status":"publish","type":"page","link":"https:\/\/costabravahospice.com\/ca\/visio-missio-i-valors\/","title":{"rendered":"Visi\u00f3, missi\u00f3 i valors"},"content":{"rendered":"<div id='av_section_1'  class='avia-section av-4q5iky-47478dceca41985be49cf0b0e88ffa4a main_color avia-section-default avia-no-border-styling  avia-builder-el-0  avia-builder-el-no-sibling  avia-bg-style-scroll container_wrap sidebar_right'  ><div class='container av-section-cont-open' ><main  role=\"main\" itemprop=\"mainContentOfPage\"  class='template-page content  av-content-small alpha units'><div class='post-entry post-entry-type-page post-entry-3148'><div class='entry-content-wrapper clearfix'>\n<div class='flex_column_table av-kxfxy353-e17ca4d81fde0ff2073187cc5b9055e8 sc-av_one_third av-equal-height-column-flextable'>\n<style type=\"text\/css\" data-created_by=\"avia_inline_auto\" id=\"style-css-av-kxfxy353-e17ca4d81fde0ff2073187cc5b9055e8\">\n.flex_column.av-kxfxy353-e17ca4d81fde0ff2073187cc5b9055e8{\nborder-radius:0px 0px 0px 0px;\npadding:0px 0px 0px 0px;\nbackground:url(https:\/\/costabravahospice.com\/wp-content\/uploads\/2021\/12\/wide-angle-shot-single-tree-growing-clouded-sky-during-sunset-surrounded-by-grass.jpg) 50% 50% no-repeat scroll ;\n}\n<\/style>\n<div  class='flex_column av-kxfxy353-e17ca4d81fde0ff2073187cc5b9055e8 av_one_third  avia-builder-el-1  el_before_av_two_third  avia-builder-el-first  first flex_column_table_cell av-equal-height-column av-align-top av-zero-column-padding  '     ><\/div><div class='av-flex-placeholder'><\/div>\n<style type=\"text\/css\" data-created_by=\"avia_inline_auto\" id=\"style-css-av-2o7h8y-0088dc89b915543e458f0903b4d584e2\">\n.flex_column.av-2o7h8y-0088dc89b915543e458f0903b4d584e2{\nborder-radius:0px 0px 0px 0px;\npadding:0px 0px 0px 0px;\n}\n<\/style>\n<div  class='flex_column av-2o7h8y-0088dc89b915543e458f0903b4d584e2 av_two_third  avia-builder-el-2  el_after_av_one_third  avia-builder-el-last  flex_column_table_cell av-equal-height-column av-align-top av-zero-column-padding  '     ><p>\n<style type=\"text\/css\" data-created_by=\"avia_inline_auto\" id=\"style-css-av-kwf87n0x-fe1657ca56f68f95949c03b22e72c1a8\">\n#top .av-special-heading.av-kwf87n0x-fe1657ca56f68f95949c03b22e72c1a8{\npadding-bottom:10px;\n}\nbody .av-special-heading.av-kwf87n0x-fe1657ca56f68f95949c03b22e72c1a8 .av-special-heading-tag .heading-char{\nfont-size:25px;\n}\n.av-special-heading.av-kwf87n0x-fe1657ca56f68f95949c03b22e72c1a8 .av-subheading{\nfont-size:15px;\n}\n<\/style>\n<div  class='av-special-heading av-kwf87n0x-fe1657ca56f68f95949c03b22e72c1a8 av-special-heading-h2 blockquote modern-quote modern-centered  avia-builder-el-3  el_before_av_textblock  avia-builder-el-first '><h2 class='av-special-heading-tag '  itemprop=\"headline\"  >Visi\u00f3, missi\u00f3 i valors<\/h2><div class=\"special-heading-border\"><div class=\"special-heading-inner-border\"><\/div><\/div><\/div><br \/>\n<section  class='av_textblock_section av-kwevhydm-737197fa0edd7fa0eacf065c83ee21f1 '   itemscope=\"itemscope\" itemtype=\"https:\/\/schema.org\/CreativeWork\" ><div class='avia_textblock'  itemprop=\"text\" ><p><strong>Visi\u00f3<\/strong><\/p>\n<p>La nostra visi\u00f3 \u00e9s que tothom hauria de tenir l&#8217;oportunitat d&#8217;un acompanyament al patiment en el proc\u00e9s de morir, entenent que el patiment engloba el dolor total (f\u00edsic, emocional, social i espiritual).<\/p>\n<p><strong>Missi\u00f3<\/strong><\/p>\n<p>La nostra missi\u00f3 \u00e9s acompanyar el malalt i les seves fam\u00edlies en el proc\u00e9s de mort i en el proc\u00e9s de dol, fent especial \u00e8mfasi en l&#8217;aspecte psicoespiritual del proc\u00e9s. Per aix\u00f2, creiem que \u00e9s indispensable el benestar dels cuidadors, professionals i voluntaris, i donar a con\u00e8ixer la import\u00e0ncia de la nostra feina.<\/p>\n<p><strong>Valors<\/strong><\/p>\n<p>Els valors que regeixen la nostra feina s\u00f3n:<\/p>\n<ul>\n<li>Dignitat de la persona en el proc\u00e9s de morir<\/li>\n<li>Pres\u00e8ncia<\/li>\n<li>Empatia<\/li>\n<li>Compassi\u00f3<\/li>\n<li>Connexi\u00f3<\/li>\n<li>Respecte<\/li>\n<li>Humanitat<\/li>\n<\/ul>\n<\/div><\/section><\/p><\/div><\/div><!--close column table wrapper. Autoclose: 1 --><\/div><\/div><\/main><!-- close content main element --><\/div><\/div><div id='after_section_1'  class='main_color av_default_container_wrap container_wrap sidebar_right'  ><div class='container av-section-cont-open' ><div class='template-page content  av-content-small alpha units'><div class='post-entry post-entry-type-page post-entry-3148'><div class='entry-content-wrapper clearfix'>\n","protected":false},"excerpt":{"rendered":"","protected":false},"author":2,"featured_media":0,"parent":0,"menu_order":0,"comment_status":"closed","ping_status":"closed","template":"","meta":{"give_campaign_id":0,"footnotes":""},"class_list":["post-3148","page","type-page","status-publish","hentry"],"yoast_head":"<!-- This site is optimized with the Yoast SEO plugin v27.2 - https:\/\/yoast.com\/product\/yoast-seo-wordpress\/ -->\n<title>Visi\u00f3, missi\u00f3 i valors - Costa Brava Hospice<\/title>\n<meta name=\"robots\" content=\"index, follow, max-snippet:-1, max-image-preview:large, max-video-preview:-1\" \/>\n<link rel=\"canonical\" href=\"https:\/\/costabravahospice.com\/ca\/visio-missio-i-valors\/\" \/>\n<meta property=\"og:locale\" content=\"ca_ES\" \/>\n<meta property=\"og:type\" content=\"article\" \/>\n<meta property=\"og:title\" content=\"Visi\u00f3, missi\u00f3 i valors - Costa Brava Hospice\" \/>\n<meta property=\"og:url\" content=\"https:\/\/costabravahospice.com\/ca\/visio-missio-i-valors\/\" \/>\n<meta property=\"og:site_name\" content=\"Costa Brava Hospice\" \/>\n<meta property=\"article:modified_time\" content=\"2022-07-14T10:55:32+00:00\" \/>\n<meta name=\"twitter:card\" content=\"summary_large_image\" \/>\n<meta name=\"twitter:label1\" content=\"Temps estimat de lectura\" \/>\n\t<meta name=\"twitter:data1\" content=\"3 minuts\" \/>\n<script type=\"application\/ld+json\" class=\"yoast-schema-graph\">{\"@context\":\"https:\/\/schema.org\",\"@graph\":[{\"@type\":\"WebPage\",\"@id\":\"https:\/\/costabravahospice.com\/ca\/visio-missio-i-valors\/\",\"url\":\"https:\/\/costabravahospice.com\/ca\/visio-missio-i-valors\/\",\"name\":\"Visi\u00f3, missi\u00f3 i valors - Costa Brava Hospice\",\"isPartOf\":{\"@id\":\"https:\/\/costabravahospice.com\/#website\"},\"datePublished\":\"2022-07-14T10:38:42+00:00\",\"dateModified\":\"2022-07-14T10:55:32+00:00\",\"breadcrumb\":{\"@id\":\"https:\/\/costabravahospice.com\/ca\/visio-missio-i-valors\/#breadcrumb\"},\"inLanguage\":\"ca\",\"potentialAction\":[{\"@type\":\"ReadAction\",\"target\":[\"https:\/\/costabravahospice.com\/ca\/visio-missio-i-valors\/\"]}]},{\"@type\":\"BreadcrumbList\",\"@id\":\"https:\/\/costabravahospice.com\/ca\/visio-missio-i-valors\/#breadcrumb\",\"itemListElement\":[{\"@type\":\"ListItem\",\"position\":1,\"name\":\"Portada\",\"item\":\"https:\/\/costabravahospice.com\/ca\/costa-brava-hospice\/\"},{\"@type\":\"ListItem\",\"position\":2,\"name\":\"Visi\u00f3, missi\u00f3 i valors\"}]},{\"@type\":\"WebSite\",\"@id\":\"https:\/\/costabravahospice.com\/#website\",\"url\":\"https:\/\/costabravahospice.com\/\",\"name\":\"Costa Brava Hospice\",\"description\":\"Offering help and support to those with life limiting illnesses and their families\",\"potentialAction\":[{\"@type\":\"SearchAction\",\"target\":{\"@type\":\"EntryPoint\",\"urlTemplate\":\"https:\/\/costabravahospice.com\/?s={search_term_string}\"},\"query-input\":{\"@type\":\"PropertyValueSpecification\",\"valueRequired\":true,\"valueName\":\"search_term_string\"}}],\"inLanguage\":\"ca\"}]}<\/script>\n<!-- \/ Yoast SEO plugin. -->","yoast_head_json":{"title":"Visi\u00f3, missi\u00f3 i valors - Costa Brava Hospice","robots":{"index":"index","follow":"follow","max-snippet":"max-snippet:-1","max-image-preview":"max-image-preview:large","max-video-preview":"max-video-preview:-1"},"canonical":"https:\/\/costabravahospice.com\/ca\/visio-missio-i-valors\/","og_locale":"ca_ES","og_type":"article","og_title":"Visi\u00f3, missi\u00f3 i valors - Costa Brava Hospice","og_url":"https:\/\/costabravahospice.com\/ca\/visio-missio-i-valors\/","og_site_name":"Costa Brava Hospice","article_modified_time":"2022-07-14T10:55:32+00:00","twitter_card":"summary_large_image","twitter_misc":{"Temps estimat de lectura":"3 minuts"},"schema":{"@context":"https:\/\/schema.org","@graph":[{"@type":"WebPage","@id":"https:\/\/costabravahospice.com\/ca\/visio-missio-i-valors\/","url":"https:\/\/costabravahospice.com\/ca\/visio-missio-i-valors\/","name":"Visi\u00f3, missi\u00f3 i valors - Costa Brava Hospice","isPartOf":{"@id":"https:\/\/costabravahospice.com\/#website"},"datePublished":"2022-07-14T10:38:42+00:00","dateModified":"2022-07-14T10:55:32+00:00","breadcrumb":{"@id":"https:\/\/costabravahospice.com\/ca\/visio-missio-i-valors\/#breadcrumb"},"inLanguage":"ca","potentialAction":[{"@type":"ReadAction","target":["https:\/\/costabravahospice.com\/ca\/visio-missio-i-valors\/"]}]},{"@type":"BreadcrumbList","@id":"https:\/\/costabravahospice.com\/ca\/visio-missio-i-valors\/#breadcrumb","itemListElement":[{"@type":"ListItem","position":1,"name":"Portada","item":"https:\/\/costabravahospice.com\/ca\/costa-brava-hospice\/"},{"@type":"ListItem","position":2,"name":"Visi\u00f3, missi\u00f3 i valors"}]},{"@type":"WebSite","@id":"https:\/\/costabravahospice.com\/#website","url":"https:\/\/costabravahospice.com\/","name":"Costa Brava Hospice","description":"Offering help and support to those with life limiting illnesses and their families","potentialAction":[{"@type":"SearchAction","target":{"@type":"EntryPoint","urlTemplate":"https:\/\/costabravahospice.com\/?s={search_term_string}"},"query-input":{"@type":"PropertyValueSpecification","valueRequired":true,"valueName":"search_term_string"}}],"inLanguage":"ca"}]}},"campaignId":"","_links":{"self":[{"href":"https:\/\/costabravahospice.com\/ca\/wp-json\/wp\/v2\/pages\/3148","targetHints":{"allow":["GET"]}}],"collection":[{"href":"https:\/\/costabravahospice.com\/ca\/wp-json\/wp\/v2\/pages"}],"about":[{"href":"https:\/\/costabravahospice.com\/ca\/wp-json\/wp\/v2\/types\/page"}],"author":[{"embeddable":true,"href":"https:\/\/costabravahospice.com\/ca\/wp-json\/wp\/v2\/users\/2"}],"replies":[{"embeddable":true,"href":"https:\/\/costabravahospice.com\/ca\/wp-json\/wp\/v2\/comments?post=3148"}],"version-history":[{"count":4,"href":"https:\/\/costabravahospice.com\/ca\/wp-json\/wp\/v2\/pages\/3148\/revisions"}],"predecessor-version":[{"id":3172,"href":"https:\/\/costabravahospice.com\/ca\/wp-json\/wp\/v2\/pages\/3148\/revisions\/3172"}],"wp:attachment":[{"href":"https:\/\/costabravahospice.com\/ca\/wp-json\/wp\/v2\/media?parent=3148"}],"curies":[{"name":"wp","href":"https:\/\/api.w.org\/{rel}","templated":true}]}}