{"id":3153,"date":"2022-07-14T11:39:54","date_gmt":"2022-07-14T10:39:54","guid":{"rendered":"https:\/\/costabravahospice.com\/el-logo-un-fulla-de-gingko\/"},"modified":"2022-07-14T11:56:45","modified_gmt":"2022-07-14T10:56:45","slug":"el-logo-un-fulla-de-gingko","status":"publish","type":"page","link":"https:\/\/costabravahospice.com\/ca\/el-logo-un-fulla-de-gingko\/","title":{"rendered":"El logo, una fulla de Ginko"},"content":{"rendered":"<div id='av_section_1'  class='avia-section av-5gil8v-266147af0c76283163a96e2ca41a234d main_color avia-section-default avia-no-border-styling  avia-builder-el-0  avia-builder-el-no-sibling  avia-bg-style-scroll container_wrap sidebar_right'  ><div class='container av-section-cont-open' ><main  role=\"main\" itemprop=\"mainContentOfPage\"  class='template-page content  av-content-small alpha units'><div class='post-entry post-entry-type-page post-entry-3153'><div class='entry-content-wrapper clearfix'>\n<div class='flex_column_table av-3zdfsf-1c0ab16a81ea4923ff9fbac8e2000489 sc-av_one_third av-equal-height-column-flextable'>\n<style type=\"text\/css\" data-created_by=\"avia_inline_auto\" id=\"style-css-av-3zdfsf-1c0ab16a81ea4923ff9fbac8e2000489\">\n.flex_column.av-3zdfsf-1c0ab16a81ea4923ff9fbac8e2000489{\nborder-radius:0px 0px 0px 0px;\npadding:0px 0px 0px 0px;\n}\n<\/style>\n<div  class='flex_column av-3zdfsf-1c0ab16a81ea4923ff9fbac8e2000489 av_one_third  avia-builder-el-1  el_before_av_two_third  avia-builder-el-first  first flex_column_table_cell av-equal-height-column av-align-top av-zero-column-padding avia-full-stretch  '     ><style type=\"text\/css\" data-created_by=\"avia_inline_auto\" id=\"style-css-av-kwz9hir4-8b1e1c43e8c45d18b267bd4be55c92ce\">\n.avia-image-container.av-kwz9hir4-8b1e1c43e8c45d18b267bd4be55c92ce img.avia_image{\nbox-shadow:none;\n}\n.avia-image-container.av-kwz9hir4-8b1e1c43e8c45d18b267bd4be55c92ce .av-image-caption-overlay-center{\ncolor:#ffffff;\n}\n<\/style>\n<div  class='avia-image-container av-kwz9hir4-8b1e1c43e8c45d18b267bd4be55c92ce av-styling- avia-align-center  avia-builder-el-2  avia-builder-el-no-sibling '   itemprop=\"image\" itemscope=\"itemscope\" itemtype=\"https:\/\/schema.org\/ImageObject\" ><div class=\"avia-image-container-inner\"><div class=\"avia-image-overlay-wrap\"><img decoding=\"async\" fetchpriority=\"high\" class='wp-image-2981 avia-img-lazy-loading-not-2981 avia_image ' src=\"https:\/\/costabravahospice.com\/wp-content\/uploads\/2021\/12\/gingko.jpg\" alt='' title='gingko'  height=\"948\" width=\"948\"  itemprop=\"thumbnailUrl\" srcset=\"https:\/\/costabravahospice.com\/wp-content\/uploads\/2021\/12\/gingko.jpg 948w, https:\/\/costabravahospice.com\/wp-content\/uploads\/2021\/12\/gingko-300x300.jpg 300w, https:\/\/costabravahospice.com\/wp-content\/uploads\/2021\/12\/gingko-80x80.jpg 80w, https:\/\/costabravahospice.com\/wp-content\/uploads\/2021\/12\/gingko-768x768.jpg 768w, https:\/\/costabravahospice.com\/wp-content\/uploads\/2021\/12\/gingko-36x36.jpg 36w, https:\/\/costabravahospice.com\/wp-content\/uploads\/2021\/12\/gingko-180x180.jpg 180w, https:\/\/costabravahospice.com\/wp-content\/uploads\/2021\/12\/gingko-705x705.jpg 705w\" sizes=\"(max-width: 948px) 100vw, 948px\" \/><\/div><\/div><\/div><\/div><div class='av-flex-placeholder'><\/div>\n<style type=\"text\/css\" data-created_by=\"avia_inline_auto\" id=\"style-css-av-2st5r3-22da546b0072a5f4e5479375c8c2ac4d\">\n.flex_column.av-2st5r3-22da546b0072a5f4e5479375c8c2ac4d{\nborder-radius:0px 0px 0px 0px;\npadding:0px 0px 0px 0px;\n}\n<\/style>\n<div  class='flex_column av-2st5r3-22da546b0072a5f4e5479375c8c2ac4d av_two_third  avia-builder-el-3  el_after_av_one_third  avia-builder-el-last  flex_column_table_cell av-equal-height-column av-align-top av-zero-column-padding  '     ><p>\n<style type=\"text\/css\" data-created_by=\"avia_inline_auto\" id=\"style-css-av-kwf8a4mh-7a96bcf42f54ad53ed1fb71532de9e9e\">\n#top .av-special-heading.av-kwf8a4mh-7a96bcf42f54ad53ed1fb71532de9e9e{\npadding-bottom:10px;\n}\nbody .av-special-heading.av-kwf8a4mh-7a96bcf42f54ad53ed1fb71532de9e9e .av-special-heading-tag .heading-char{\nfont-size:25px;\n}\n.av-special-heading.av-kwf8a4mh-7a96bcf42f54ad53ed1fb71532de9e9e .av-subheading{\nfont-size:15px;\n}\n<\/style>\n<div  class='av-special-heading av-kwf8a4mh-7a96bcf42f54ad53ed1fb71532de9e9e av-special-heading-h2 blockquote modern-quote modern-centered  avia-builder-el-4  el_before_av_textblock  avia-builder-el-first '><h2 class='av-special-heading-tag '  itemprop=\"headline\"  >El logo, una fulla de Ginko<\/h2><div class=\"special-heading-border\"><div class=\"special-heading-inner-border\"><\/div><\/div><\/div><br \/>\n<section  class='av_textblock_section av-kwf89i6z-105b8ded984a3c59412ef380b6124213 '   itemscope=\"itemscope\" itemtype=\"https:\/\/schema.org\/CreativeWork\" ><div class='avia_textblock'  itemprop=\"text\" ><p><strong>For\u00e7a, esperan\u00e7a i pau<\/strong><\/p>\n<p>A Orient, el Gingko es considera un s\u00edmbol de longevitat, esperan\u00e7a, resili\u00e8ncia i pau. Les delicades fulles en forma de ventall de l&#8217;arbre han estat apreciades per la seva bellesa, copiades per artistes i anunciades a la literatura.<\/p>\n<\/div><\/section><\/p><\/div><\/div><!--close column table wrapper. Autoclose: 1 --><\/div><\/div><\/main><!-- close content main element --><\/div><\/div><div id='after_section_1'  class='main_color av_default_container_wrap container_wrap sidebar_right'  ><div class='container av-section-cont-open' ><div class='template-page content  av-content-small alpha units'><div class='post-entry post-entry-type-page post-entry-3153'><div class='entry-content-wrapper clearfix'>\n","protected":false},"excerpt":{"rendered":"","protected":false},"author":2,"featured_media":0,"parent":0,"menu_order":0,"comment_status":"closed","ping_status":"closed","template":"","meta":{"give_campaign_id":0,"footnotes":""},"class_list":["post-3153","page","type-page","status-publish","hentry"],"yoast_head":"<!-- This site is optimized with the Yoast SEO plugin v27.2 - https:\/\/yoast.com\/product\/yoast-seo-wordpress\/ -->\n<title>El logo, una fulla de Ginko - Costa Brava Hospice<\/title>\n<meta name=\"robots\" content=\"index, follow, max-snippet:-1, max-image-preview:large, max-video-preview:-1\" \/>\n<link rel=\"canonical\" href=\"https:\/\/costabravahospice.com\/ca\/el-logo-un-fulla-de-gingko\/\" \/>\n<meta property=\"og:locale\" content=\"ca_ES\" \/>\n<meta property=\"og:type\" content=\"article\" \/>\n<meta property=\"og:title\" content=\"El logo, una fulla de Ginko - Costa Brava Hospice\" \/>\n<meta property=\"og:url\" content=\"https:\/\/costabravahospice.com\/ca\/el-logo-un-fulla-de-gingko\/\" \/>\n<meta property=\"og:site_name\" content=\"Costa Brava Hospice\" \/>\n<meta property=\"article:modified_time\" content=\"2022-07-14T10:56:45+00:00\" \/>\n<meta name=\"twitter:card\" content=\"summary_large_image\" \/>\n<meta name=\"twitter:label1\" content=\"Temps estimat de lectura\" \/>\n\t<meta name=\"twitter:data1\" content=\"3 minuts\" \/>\n<script type=\"application\/ld+json\" class=\"yoast-schema-graph\">{\"@context\":\"https:\/\/schema.org\",\"@graph\":[{\"@type\":\"WebPage\",\"@id\":\"https:\/\/costabravahospice.com\/ca\/el-logo-un-fulla-de-gingko\/\",\"url\":\"https:\/\/costabravahospice.com\/ca\/el-logo-un-fulla-de-gingko\/\",\"name\":\"El logo, una fulla de Ginko - Costa Brava Hospice\",\"isPartOf\":{\"@id\":\"https:\/\/costabravahospice.com\/#website\"},\"datePublished\":\"2022-07-14T10:39:54+00:00\",\"dateModified\":\"2022-07-14T10:56:45+00:00\",\"breadcrumb\":{\"@id\":\"https:\/\/costabravahospice.com\/ca\/el-logo-un-fulla-de-gingko\/#breadcrumb\"},\"inLanguage\":\"ca\",\"potentialAction\":[{\"@type\":\"ReadAction\",\"target\":[\"https:\/\/costabravahospice.com\/ca\/el-logo-un-fulla-de-gingko\/\"]}]},{\"@type\":\"BreadcrumbList\",\"@id\":\"https:\/\/costabravahospice.com\/ca\/el-logo-un-fulla-de-gingko\/#breadcrumb\",\"itemListElement\":[{\"@type\":\"ListItem\",\"position\":1,\"name\":\"Portada\",\"item\":\"https:\/\/costabravahospice.com\/ca\/costa-brava-hospice\/\"},{\"@type\":\"ListItem\",\"position\":2,\"name\":\"El logo, una fulla de Ginko\"}]},{\"@type\":\"WebSite\",\"@id\":\"https:\/\/costabravahospice.com\/#website\",\"url\":\"https:\/\/costabravahospice.com\/\",\"name\":\"Costa Brava Hospice\",\"description\":\"Offering help and support to those with life limiting illnesses and their families\",\"potentialAction\":[{\"@type\":\"SearchAction\",\"target\":{\"@type\":\"EntryPoint\",\"urlTemplate\":\"https:\/\/costabravahospice.com\/?s={search_term_string}\"},\"query-input\":{\"@type\":\"PropertyValueSpecification\",\"valueRequired\":true,\"valueName\":\"search_term_string\"}}],\"inLanguage\":\"ca\"}]}<\/script>\n<!-- \/ Yoast SEO plugin. -->","yoast_head_json":{"title":"El logo, una fulla de Ginko - Costa Brava Hospice","robots":{"index":"index","follow":"follow","max-snippet":"max-snippet:-1","max-image-preview":"max-image-preview:large","max-video-preview":"max-video-preview:-1"},"canonical":"https:\/\/costabravahospice.com\/ca\/el-logo-un-fulla-de-gingko\/","og_locale":"ca_ES","og_type":"article","og_title":"El logo, una fulla de Ginko - Costa Brava Hospice","og_url":"https:\/\/costabravahospice.com\/ca\/el-logo-un-fulla-de-gingko\/","og_site_name":"Costa Brava Hospice","article_modified_time":"2022-07-14T10:56:45+00:00","twitter_card":"summary_large_image","twitter_misc":{"Temps estimat de lectura":"3 minuts"},"schema":{"@context":"https:\/\/schema.org","@graph":[{"@type":"WebPage","@id":"https:\/\/costabravahospice.com\/ca\/el-logo-un-fulla-de-gingko\/","url":"https:\/\/costabravahospice.com\/ca\/el-logo-un-fulla-de-gingko\/","name":"El logo, una fulla de Ginko - Costa Brava Hospice","isPartOf":{"@id":"https:\/\/costabravahospice.com\/#website"},"datePublished":"2022-07-14T10:39:54+00:00","dateModified":"2022-07-14T10:56:45+00:00","breadcrumb":{"@id":"https:\/\/costabravahospice.com\/ca\/el-logo-un-fulla-de-gingko\/#breadcrumb"},"inLanguage":"ca","potentialAction":[{"@type":"ReadAction","target":["https:\/\/costabravahospice.com\/ca\/el-logo-un-fulla-de-gingko\/"]}]},{"@type":"BreadcrumbList","@id":"https:\/\/costabravahospice.com\/ca\/el-logo-un-fulla-de-gingko\/#breadcrumb","itemListElement":[{"@type":"ListItem","position":1,"name":"Portada","item":"https:\/\/costabravahospice.com\/ca\/costa-brava-hospice\/"},{"@type":"ListItem","position":2,"name":"El logo, una fulla de Ginko"}]},{"@type":"WebSite","@id":"https:\/\/costabravahospice.com\/#website","url":"https:\/\/costabravahospice.com\/","name":"Costa Brava Hospice","description":"Offering help and support to those with life limiting illnesses and their families","potentialAction":[{"@type":"SearchAction","target":{"@type":"EntryPoint","urlTemplate":"https:\/\/costabravahospice.com\/?s={search_term_string}"},"query-input":{"@type":"PropertyValueSpecification","valueRequired":true,"valueName":"search_term_string"}}],"inLanguage":"ca"}]}},"campaignId":"","_links":{"self":[{"href":"https:\/\/costabravahospice.com\/ca\/wp-json\/wp\/v2\/pages\/3153","targetHints":{"allow":["GET"]}}],"collection":[{"href":"https:\/\/costabravahospice.com\/ca\/wp-json\/wp\/v2\/pages"}],"about":[{"href":"https:\/\/costabravahospice.com\/ca\/wp-json\/wp\/v2\/types\/page"}],"author":[{"embeddable":true,"href":"https:\/\/costabravahospice.com\/ca\/wp-json\/wp\/v2\/users\/2"}],"replies":[{"embeddable":true,"href":"https:\/\/costabravahospice.com\/ca\/wp-json\/wp\/v2\/comments?post=3153"}],"version-history":[{"count":4,"href":"https:\/\/costabravahospice.com\/ca\/wp-json\/wp\/v2\/pages\/3153\/revisions"}],"predecessor-version":[{"id":3175,"href":"https:\/\/costabravahospice.com\/ca\/wp-json\/wp\/v2\/pages\/3153\/revisions\/3175"}],"wp:attachment":[{"href":"https:\/\/costabravahospice.com\/ca\/wp-json\/wp\/v2\/media?parent=3153"}],"curies":[{"name":"wp","href":"https:\/\/api.w.org\/{rel}","templated":true}]}}