{"id":3158,"date":"2022-07-14T11:44:24","date_gmt":"2022-07-14T10:44:24","guid":{"rendered":"https:\/\/costabravahospice.com\/equip-directiu\/"},"modified":"2024-09-05T10:26:24","modified_gmt":"2024-09-05T09:26:24","slug":"equip-directiu","status":"publish","type":"page","link":"https:\/\/costabravahospice.com\/ca\/equip-directiu\/","title":{"rendered":"Equip directiu"},"content":{"rendered":"<div id='av_section_1'  class='avia-section av-9c259y-e843c9b0107a8f9f0b854d00fc9e4e4b main_color avia-section-default avia-no-border-styling  avia-builder-el-0  el_before_av_section  avia-builder-el-first  avia-bg-style-scroll container_wrap sidebar_right'  ><div class='container av-section-cont-open' ><main  role=\"main\" itemprop=\"mainContentOfPage\"  class='template-page content  av-content-small alpha units'><div class='post-entry post-entry-type-page post-entry-3158'><div class='entry-content-wrapper clearfix'>\n\n<style type=\"text\/css\" data-created_by=\"avia_inline_auto\" id=\"style-css-av-7rzr8m-5f5667d54b1a8b3cac101e2a92586148\">\n.flex_column.av-7rzr8m-5f5667d54b1a8b3cac101e2a92586148{\nborder-radius:0px 0px 0px 0px;\npadding:0px 0px 0px 0px;\n}\n<\/style>\n<div  class='flex_column av-7rzr8m-5f5667d54b1a8b3cac101e2a92586148 av_one_fourth  avia-builder-el-1  el_before_av_one_fourth  avia-builder-el-first  first flex_column_div av-zero-column-padding  '     ><section  class='av_textblock_section av-kf8k135x-1a4d764ec0d6a4d14f177640ea1e060d '   itemscope=\"itemscope\" itemtype=\"https:\/\/schema.org\/CreativeWork\" ><div class='avia_textblock'  itemprop=\"text\" ><p class=\"font_7\"><span class=\"color_19\">PRESIDENTA<\/span><\/p>\n<p class=\"font_7\"><strong><span class=\"color_19\">Melissa Levey<\/span><\/strong><\/p>\n<p class=\"font_7\"><span class=\"color_19\">Melissa viu a la Costa Brava des de fa m\u00e9s de 50 anys; est\u00e0 vinculada a la creaci\u00f3 de l\u00b4Esgl\u00e9sia Anglicana en aquesta \u00e0rea. Va ser volunt\u00e0ria a les tasques d&#8217;Hospici al Regne Unit i formada per l&#8217;associaci\u00f3 Vinyana (encarregada d&#8217;atendre els aspectes espirituals relacionats amb el proc\u00e9s de morir). \u00c9s la impulsora del desenvolupament del present Costa Brava Hospice.<\/span><\/p>\n<\/div><\/section><\/div>\n<style type=\"text\/css\" data-created_by=\"avia_inline_auto\" id=\"style-css-av-ksp12-733df8f34849a3cb39fb2e120327d716\">\n.flex_column.av-ksp12-733df8f34849a3cb39fb2e120327d716{\nborder-radius:0px 0px 0px 0px;\npadding:0px 0px 0px 0px;\n}\n<\/style>\n<div  class='flex_column av-ksp12-733df8f34849a3cb39fb2e120327d716 av_one_fourth  avia-builder-el-3  el_after_av_one_fourth  el_before_av_one_fourth  flex_column_div av-zero-column-padding  '     ><section  class='av_textblock_section av-kf8k1lnp-b03878247b384a88c74229b9bcb3c3e3 '   itemscope=\"itemscope\" itemtype=\"https:\/\/schema.org\/CreativeWork\" ><div class='avia_textblock'  itemprop=\"text\" ><p class=\"font_7\"><span class=\"color_19\">VICE PRESIDENTA<\/span><\/p>\n<p class=\"font_7\"><strong>Brigitta van der Steene\u00a0<\/strong><\/p>\n<p class=\"font_7\"><span class=\"color_19\">Brigit \u00e9s infermera de formaci\u00f3 i amb molta experi\u00e8ncia en proporcionar a la llar, les cures necess\u00e0ries a les \u00faltimes etapes de la vida. Origin\u00e0ria d&#8217;Holanda, viu i treballa a Catalunya des de fa anys. Tamb\u00e9 s\u2019ha format amb l\u2019associaci\u00f3 Vinyana del Regne Unit.<\/span><\/p>\n<\/div><\/section><\/div>\n<style type=\"text\/css\" data-created_by=\"avia_inline_auto\" id=\"style-css-av-4mjtmu-52e895c6c27821249f9c0f3201cb6714\">\n.flex_column.av-4mjtmu-52e895c6c27821249f9c0f3201cb6714{\nborder-radius:0px 0px 0px 0px;\npadding:0px 0px 0px 0px;\n}\n<\/style>\n<div  class='flex_column av-4mjtmu-52e895c6c27821249f9c0f3201cb6714 av_one_fourth  avia-builder-el-5  el_after_av_one_fourth  el_before_av_one_fourth  flex_column_div av-zero-column-padding  '     ><section  class='av_textblock_section av-kf8k28zc-315d61c1247e9f9d203a22470a526139 '   itemscope=\"itemscope\" itemtype=\"https:\/\/schema.org\/CreativeWork\" ><div class='avia_textblock'  itemprop=\"text\" ><p class=\"font_7\"><span class=\"color_19\">SECRETARIA<\/span><\/p>\n<p class=\"font_7\"><strong><span class=\"color_19\">Phil Fleming<\/span><\/strong><\/p>\n<p>Phil viu i treballa en la Costa Brava des de principis dels anys 2000. Des de 2022 \u00e9s\u00a0Celebrant\u00a0Humanista i ofereix una alternativa personal a les cerim\u00f2nies religioses. Ha estat interessada a ajudar amb la creaci\u00f3 del Hospice Costa Brava des de 2019 i, m\u00e9s particularment, amb la ubicaci\u00f3 i adquisici\u00f3 d&#8217;una base f\u00edsica permanent per a les persones per als qui \u2018l&#8217;Hospice a casa&#8217; ja no \u00e9s una opci\u00f3. Per a aix\u00f2 \u00e9s la\u00a0CFO\u00a0del Costa Brava\u00a0Hospice, responsable de la recaptaci\u00f3 de fons del projecte i d&#8217;ajudar a reclutar voluntaris de parla anglesa al Baix Empord\u00e0.<\/p>\n<\/div><\/section><\/div>\n<style type=\"text\/css\" data-created_by=\"avia_inline_auto\" id=\"style-css-av-1wzqg6-9ae170d1998a812b65cdae35ddc73776\">\n.flex_column.av-1wzqg6-9ae170d1998a812b65cdae35ddc73776{\nborder-radius:0px 0px 0px 0px;\npadding:0px 0px 0px 0px;\n}\n<\/style>\n<div  class='flex_column av-1wzqg6-9ae170d1998a812b65cdae35ddc73776 av_one_fourth  avia-builder-el-7  el_after_av_one_fourth  avia-builder-el-last  flex_column_div av-zero-column-padding  '     ><section  class='av_textblock_section av-kf8k2xaa-db40854759209e09e17469497c98771a '   itemscope=\"itemscope\" itemtype=\"https:\/\/schema.org\/CreativeWork\" ><div class='avia_textblock'  itemprop=\"text\" ><p class=\"font_7\"><span class=\"color_19\">TRESORER<\/span><\/p>\n<p class=\"font_7\"><strong><span class=\"color_19\">David Hurley<\/span><\/strong><\/p>\n<p class=\"font_7\"><span class=\"color_19\">David \u00e9s un dels primers membres de la U3A Costa Brava on va exercir de tresorer i vicepresident i on ara \u00e9s auditor. Tamb\u00e9 \u00e9s l\u00b4actual tresorer de l\u00b4Esgl\u00e9sia Anglicana de la Costa Brava. T\u00e9 formaci\u00f3 en tresoreria p\u00fablica i posseeix coneixements sobre fide\u00efcomisos ben\u00e8fics, sistemes bancaris i dret fiscal, tant del Regne Unit com a Catalunya.<\/span><\/p>\n<\/div><\/section><\/div>\n\n<\/div><\/div><\/main><!-- close content main element --><\/div><\/div><div id='av_section_2'  class='avia-section av-9c259y-f5c034011f77adee0330166e8746d57b alternate_color avia-section-default avia-no-border-styling  avia-builder-el-9  el_after_av_section  el_before_av_section  avia-bg-style-scroll container_wrap sidebar_right'  ><div class='container av-section-cont-open' ><div class='template-page content  av-content-small alpha units'><div class='post-entry post-entry-type-page post-entry-3158'><div class='entry-content-wrapper clearfix'>\n\n<style type=\"text\/css\" data-created_by=\"avia_inline_auto\" id=\"style-css-av-399rw6-a09ce7eee491217d406c2a0b511cc0bc\">\n#top .av-special-heading.av-399rw6-a09ce7eee491217d406c2a0b511cc0bc{\nmargin:3% 3% 8% 3%;\npadding-bottom:10px;\n}\nbody .av-special-heading.av-399rw6-a09ce7eee491217d406c2a0b511cc0bc .av-special-heading-tag .heading-char{\nfont-size:25px;\n}\n.av-special-heading.av-399rw6-a09ce7eee491217d406c2a0b511cc0bc .av-subheading{\nfont-size:15px;\n}\n<\/style>\n<div  class='av-special-heading av-399rw6-a09ce7eee491217d406c2a0b511cc0bc av-special-heading-h3 blockquote modern-quote modern-centered  avia-builder-el-10  el_before_av_one_fourth  avia-builder-el-first '><h3 class='av-special-heading-tag '  itemprop=\"headline\"  >COL\u00b7LABORADORS I FORMADORS<\/h3><div class=\"special-heading-border\"><div class=\"special-heading-inner-border\"><\/div><\/div><\/div>\n\n<style type=\"text\/css\" data-created_by=\"avia_inline_auto\" id=\"style-css-av-7rzr8m-5f5667d54b1a8b3cac101e2a92586148\">\n.flex_column.av-7rzr8m-5f5667d54b1a8b3cac101e2a92586148{\nborder-radius:0px 0px 0px 0px;\npadding:0px 0px 0px 0px;\n}\n<\/style>\n<div  class='flex_column av-7rzr8m-5f5667d54b1a8b3cac101e2a92586148 av_one_fourth  avia-builder-el-11  el_after_av_heading  el_before_av_one_fourth  first flex_column_div av-zero-column-padding  '     ><section  class='av_textblock_section av-kf8k135x-535adad9664161ec9cf84328c0dc9ca6 '   itemscope=\"itemscope\" itemtype=\"https:\/\/schema.org\/CreativeWork\" ><div class='avia_textblock'  itemprop=\"text\" ><p class=\"font_7\"><strong><span class=\"color_19\">Tew Bunnag<\/span><\/strong><\/p>\n<p class=\"font_7\"><span class=\"color_19\">Tew fa molts anys que acompanya els malalts terminals en el seu proc\u00e9s de morir. \u00c9s un dels fundadors de l&#8217;associaci\u00f3 Vinyana, va adquirir la seva experi\u00e8ncia treballat en les tasques d&#8217;Hospici al Bangkok natal. Brinda formaci\u00f3 i suport tant a professionals de la salut com als voluntaris que sustenten les persones al tram final de les seves vides, aix\u00ed com als seus familiars. Imparteix tallers per tota Espanya, Regne Unit i Gr\u00e8cia. \u00c9s assessor de diversos grups que treballen en aquest camp.<\/span><\/p>\n<\/div><\/section><\/div>\n<style type=\"text\/css\" data-created_by=\"avia_inline_auto\" id=\"style-css-av-av_one_fourth-49f6e875884219cf77c24341e550af53\">\n.flex_column.av-av_one_fourth-49f6e875884219cf77c24341e550af53{\nborder-radius:0px 0px 0px 0px;\npadding:0px 0px 0px 0px;\n}\n<\/style>\n<div  class='flex_column av-av_one_fourth-49f6e875884219cf77c24341e550af53 av_one_fourth  avia-builder-el-13  el_after_av_one_fourth  el_before_av_one_fourth  flex_column_div av-zero-column-padding  '     ><section  class='av_textblock_section av-m0p2t504-dafcb6e93173bd89242bd7ae3bd89941 '   itemscope=\"itemscope\" itemtype=\"https:\/\/schema.org\/CreativeWork\" ><div class='avia_textblock'  itemprop=\"text\" ><p class=\"font_7\"><strong><span class=\"color_19\">Mar L\u00f3pez Sala\u00a0<\/span><\/strong><\/p>\n<p>Mar \u00e9s metge i dentista amb consulta a Girona. S&#8217;ha format a Vinyana, al Centre San Camilo de cures pal\u00b7liatives i ha cursat el M\u00e0ster en atenci\u00f3 pal\u00b7liativa de l&#8217;ICO-UVic. Tamb\u00e9 \u00e9s volunt\u00e0ria en acompanyament de malalts amb malaltia cr\u00f2nica avan\u00e7ada i terminal. Forma part de l&#8217;equip de formadors de voluntaris que volen treballar a l&#8217;\u00e0mbit del hospice.<\/p>\n<\/div><\/section><\/div>\n<style type=\"text\/css\" data-created_by=\"avia_inline_auto\" id=\"style-css-av-4mjtmu-52e895c6c27821249f9c0f3201cb6714\">\n.flex_column.av-4mjtmu-52e895c6c27821249f9c0f3201cb6714{\nborder-radius:0px 0px 0px 0px;\npadding:0px 0px 0px 0px;\n}\n<\/style>\n<div  class='flex_column av-4mjtmu-52e895c6c27821249f9c0f3201cb6714 av_one_fourth  avia-builder-el-15  el_after_av_one_fourth  el_before_av_one_fourth  flex_column_div av-zero-column-padding  '     ><section  class='av_textblock_section av-kf8k1lnp-93159cbe22ba7a54259e6d49f8db10ac '   itemscope=\"itemscope\" itemtype=\"https:\/\/schema.org\/CreativeWork\" ><div class='avia_textblock'  itemprop=\"text\" ><p><strong><span class=\"color_19\">Andreu Garriga<\/span><\/strong><\/p>\n<p><span class=\"color_19\">Andreu \u00e9s un advocat establert a Girona sensibilitzat cap als temes d&#8217;Hospici. Ha assessorat i ajudat a tots els tr\u00e0mits legals, per a la constituci\u00f3 de l&#8217;associaci\u00f3 Costa Brava Hospice. Tamb\u00e9 assisteix legalment a l&#8217;Esgl\u00e9sia Anglicana de la Costa Brava. La seva oficina a Girona s\u2019ocupa principalment de la transmissi\u00f3 de propietats per a clients estrangers i altres temes per a ciclistes professionals.<\/span><\/p>\n<\/div><\/section><\/div>\n<style type=\"text\/css\" data-created_by=\"avia_inline_auto\" id=\"style-css-av-4mjtmu-52e895c6c27821249f9c0f3201cb6714\">\n.flex_column.av-4mjtmu-52e895c6c27821249f9c0f3201cb6714{\nborder-radius:0px 0px 0px 0px;\npadding:0px 0px 0px 0px;\n}\n<\/style>\n<div  class='flex_column av-4mjtmu-52e895c6c27821249f9c0f3201cb6714 av_one_fourth  avia-builder-el-17  el_after_av_one_fourth  el_before_av_one_fourth  flex_column_div av-zero-column-padding  '     ><section  class='av_textblock_section av-kf8k1lnp-93159cbe22ba7a54259e6d49f8db10ac '   itemscope=\"itemscope\" itemtype=\"https:\/\/schema.org\/CreativeWork\" ><div class='avia_textblock'  itemprop=\"text\" ><p class=\"font_7\"><strong><span class=\"color_19\">Mercedes\u00a0Guilera Roche\u00a0<\/span><\/strong><\/p>\n<p class=\"font_7\"><span class=\"color_19\"><span class=\"wixGuard\">\u200b<\/span><\/span><span class=\"color_19\">Mercedes t\u00e9 la seu a Barcelona i s&#8217;encarrega de donar a con\u00e8ixer activament el treball de Costa Brava Hospice a aquesta ciutat. \u00c9s una de les volunt\u00e0ries formades sota l&#8217;associaci\u00f3 Vinyana encarregada d&#8217;atendre els aspectes espirituals relacionats amb el proc\u00e9s de morir.<\/span><\/p>\n<\/div><\/section><\/div>\n<style type=\"text\/css\" data-created_by=\"avia_inline_auto\" id=\"style-css-av-7rzr8m-5f5667d54b1a8b3cac101e2a92586148\">\n.flex_column.av-7rzr8m-5f5667d54b1a8b3cac101e2a92586148{\nborder-radius:0px 0px 0px 0px;\npadding:0px 0px 0px 0px;\n}\n<\/style>\n<div  class='flex_column av-7rzr8m-5f5667d54b1a8b3cac101e2a92586148 av_one_fourth  avia-builder-el-19  el_after_av_one_fourth  el_before_av_one_fourth  first flex_column_div av-zero-column-padding  column-top-margin'     ><section  class='av_textblock_section av-kf8k135x-349301c150f4d8fdbf2775b622bb5f55 '   itemscope=\"itemscope\" itemtype=\"https:\/\/schema.org\/CreativeWork\" ><div class='avia_textblock'  itemprop=\"text\" ><p class=\"font_7\"><strong><span class=\"color_19\">Lujan Comas Arroyo\u00a0<\/span><\/strong><\/p>\n<p class=\"font_7\"><span class=\"color_19\">Lujan \u00e9s m\u00e8dica i anestesista especialitzada en cirurgia card\u00edaca amb seu a Barcelona. Ha treballat durant 32 anys a l&#8217;Hospital Vall d&#8217;Hebron com a metge adjunt. Posseeix coneixements i practica altres especialitats com l&#8217;homeopatia, la ter\u00e0pia neural, la sinterg\u00e8tica i la medicina hol\u00edstica, on el que \u00e9s important no \u00e9s el diagn\u00f2stic sin\u00f3 la persona que t\u00e9 aquest diagn\u00f2stic, posant el focus en el que sent, pensa i desitja, per ajudar-la restablir l&#8217;equilibri entre el pensament, l&#8217;emoci\u00f3 i el cos f\u00edsic. A m\u00e9s, \u00e9s una reconeguda autora.<\/span><\/p>\n<\/div><\/section><\/div>\n<style type=\"text\/css\" data-created_by=\"avia_inline_auto\" id=\"style-css-av-av_one_fourth-49f6e875884219cf77c24341e550af53\">\n.flex_column.av-av_one_fourth-49f6e875884219cf77c24341e550af53{\nborder-radius:0px 0px 0px 0px;\npadding:0px 0px 0px 0px;\n}\n<\/style>\n<div  class='flex_column av-av_one_fourth-49f6e875884219cf77c24341e550af53 av_one_fourth  avia-builder-el-21  el_after_av_one_fourth  avia-builder-el-last  flex_column_div av-zero-column-padding  column-top-margin'     ><section  class='av_textblock_section av-m0p2yku8-d3af4ab61ce964d95e6e20739dcb22c3 '   itemscope=\"itemscope\" itemtype=\"https:\/\/schema.org\/CreativeWork\" ><div class='avia_textblock'  itemprop=\"text\" ><p class=\"font_7\"><strong><span class=\"color_19\">Gabi Pinea<\/span><\/strong><\/p>\n<p class=\"font_7\"><span class=\"color_19\">Gabi \u00e9s Argentina, actualment viu i treballa a Catalunya. Ha estat formada per Vinyana i t\u00e9 experi\u00e8ncia en l&#8217;acompanyament de persones en el seu proc\u00e9s final de vida a trav\u00e9s de les feines d&#8217;Hospici a casa.<\/span><\/p>\n<\/div><\/section><\/div><\/div><\/div><\/div><!-- close content main div --><\/div><\/div><div id='av_section_3'  class='avia-section av-9c259y-f5c034011f77adee0330166e8746d57b alternate_color avia-section-default avia-no-border-styling  avia-builder-el-23  el_after_av_section  avia-builder-el-last  avia-bg-style-scroll container_wrap sidebar_right'  ><div class='container av-section-cont-open' ><div class='template-page content  av-content-small alpha units'><div class='post-entry post-entry-type-page post-entry-3158'><div class='entry-content-wrapper clearfix'>\n\n<style type=\"text\/css\" data-created_by=\"avia_inline_auto\" id=\"style-css-av-4mjtmu-52e895c6c27821249f9c0f3201cb6714\">\n.flex_column.av-4mjtmu-52e895c6c27821249f9c0f3201cb6714{\nborder-radius:0px 0px 0px 0px;\npadding:0px 0px 0px 0px;\n}\n<\/style>\n<div  class='flex_column av-4mjtmu-52e895c6c27821249f9c0f3201cb6714 av_one_fourth  avia-builder-el-24  el_before_av_one_fourth  avia-builder-el-first  flex_column_div av-zero-column-padding  column-top-margin'     ><\/div>\n<style type=\"text\/css\" data-created_by=\"avia_inline_auto\" id=\"style-css-av-4mjtmu-52e895c6c27821249f9c0f3201cb6714\">\n.flex_column.av-4mjtmu-52e895c6c27821249f9c0f3201cb6714{\nborder-radius:0px 0px 0px 0px;\npadding:0px 0px 0px 0px;\n}\n<\/style>\n<div  class='flex_column av-4mjtmu-52e895c6c27821249f9c0f3201cb6714 av_one_fourth  avia-builder-el-25  el_after_av_one_fourth  avia-builder-el-last  flex_column_div av-zero-column-padding  column-top-margin'     ><\/div>\n<\/div><\/div><\/div><!-- close content main div --><\/div><\/div><div id='after_section_3'  class='main_color av_default_container_wrap container_wrap sidebar_right'  ><div class='container av-section-cont-open' ><div class='template-page content  av-content-small alpha units'><div class='post-entry post-entry-type-page post-entry-3158'><div class='entry-content-wrapper clearfix'><\/p>\n","protected":false},"excerpt":{"rendered":"","protected":false},"author":1,"featured_media":0,"parent":0,"menu_order":0,"comment_status":"closed","ping_status":"closed","template":"","meta":{"give_campaign_id":0,"footnotes":""},"class_list":["post-3158","page","type-page","status-publish","hentry"],"yoast_head":"<!-- This site is optimized with the Yoast SEO plugin v27.2 - https:\/\/yoast.com\/product\/yoast-seo-wordpress\/ -->\n<title>Equip directiu - Costa Brava Hospice<\/title>\n<meta name=\"robots\" content=\"index, follow, max-snippet:-1, max-image-preview:large, max-video-preview:-1\" \/>\n<link rel=\"canonical\" href=\"https:\/\/costabravahospice.com\/ca\/equip-directiu\/\" \/>\n<meta property=\"og:locale\" content=\"ca_ES\" \/>\n<meta property=\"og:type\" content=\"article\" \/>\n<meta property=\"og:title\" content=\"Equip directiu - Costa Brava Hospice\" \/>\n<meta property=\"og:url\" content=\"https:\/\/costabravahospice.com\/ca\/equip-directiu\/\" \/>\n<meta property=\"og:site_name\" content=\"Costa Brava Hospice\" \/>\n<meta property=\"article:modified_time\" content=\"2024-09-05T09:26:24+00:00\" \/>\n<meta name=\"twitter:card\" content=\"summary_large_image\" \/>\n<meta name=\"twitter:label1\" content=\"Temps estimat de lectura\" \/>\n\t<meta name=\"twitter:data1\" content=\"7 minuts\" \/>\n<script type=\"application\/ld+json\" class=\"yoast-schema-graph\">{\"@context\":\"https:\/\/schema.org\",\"@graph\":[{\"@type\":\"WebPage\",\"@id\":\"https:\/\/costabravahospice.com\/ca\/equip-directiu\/\",\"url\":\"https:\/\/costabravahospice.com\/ca\/equip-directiu\/\",\"name\":\"Equip directiu - Costa Brava Hospice\",\"isPartOf\":{\"@id\":\"https:\/\/costabravahospice.com\/#website\"},\"datePublished\":\"2022-07-14T10:44:24+00:00\",\"dateModified\":\"2024-09-05T09:26:24+00:00\",\"breadcrumb\":{\"@id\":\"https:\/\/costabravahospice.com\/ca\/equip-directiu\/#breadcrumb\"},\"inLanguage\":\"ca\",\"potentialAction\":[{\"@type\":\"ReadAction\",\"target\":[\"https:\/\/costabravahospice.com\/ca\/equip-directiu\/\"]}]},{\"@type\":\"BreadcrumbList\",\"@id\":\"https:\/\/costabravahospice.com\/ca\/equip-directiu\/#breadcrumb\",\"itemListElement\":[{\"@type\":\"ListItem\",\"position\":1,\"name\":\"Portada\",\"item\":\"https:\/\/costabravahospice.com\/ca\/costa-brava-hospice\/\"},{\"@type\":\"ListItem\",\"position\":2,\"name\":\"Equip directiu\"}]},{\"@type\":\"WebSite\",\"@id\":\"https:\/\/costabravahospice.com\/#website\",\"url\":\"https:\/\/costabravahospice.com\/\",\"name\":\"Costa Brava Hospice\",\"description\":\"Offering help and support to those with life limiting illnesses and their families\",\"potentialAction\":[{\"@type\":\"SearchAction\",\"target\":{\"@type\":\"EntryPoint\",\"urlTemplate\":\"https:\/\/costabravahospice.com\/?s={search_term_string}\"},\"query-input\":{\"@type\":\"PropertyValueSpecification\",\"valueRequired\":true,\"valueName\":\"search_term_string\"}}],\"inLanguage\":\"ca\"}]}<\/script>\n<!-- \/ Yoast SEO plugin. -->","yoast_head_json":{"title":"Equip directiu - Costa Brava Hospice","robots":{"index":"index","follow":"follow","max-snippet":"max-snippet:-1","max-image-preview":"max-image-preview:large","max-video-preview":"max-video-preview:-1"},"canonical":"https:\/\/costabravahospice.com\/ca\/equip-directiu\/","og_locale":"ca_ES","og_type":"article","og_title":"Equip directiu - Costa Brava Hospice","og_url":"https:\/\/costabravahospice.com\/ca\/equip-directiu\/","og_site_name":"Costa Brava Hospice","article_modified_time":"2024-09-05T09:26:24+00:00","twitter_card":"summary_large_image","twitter_misc":{"Temps estimat de lectura":"7 minuts"},"schema":{"@context":"https:\/\/schema.org","@graph":[{"@type":"WebPage","@id":"https:\/\/costabravahospice.com\/ca\/equip-directiu\/","url":"https:\/\/costabravahospice.com\/ca\/equip-directiu\/","name":"Equip directiu - Costa Brava Hospice","isPartOf":{"@id":"https:\/\/costabravahospice.com\/#website"},"datePublished":"2022-07-14T10:44:24+00:00","dateModified":"2024-09-05T09:26:24+00:00","breadcrumb":{"@id":"https:\/\/costabravahospice.com\/ca\/equip-directiu\/#breadcrumb"},"inLanguage":"ca","potentialAction":[{"@type":"ReadAction","target":["https:\/\/costabravahospice.com\/ca\/equip-directiu\/"]}]},{"@type":"BreadcrumbList","@id":"https:\/\/costabravahospice.com\/ca\/equip-directiu\/#breadcrumb","itemListElement":[{"@type":"ListItem","position":1,"name":"Portada","item":"https:\/\/costabravahospice.com\/ca\/costa-brava-hospice\/"},{"@type":"ListItem","position":2,"name":"Equip directiu"}]},{"@type":"WebSite","@id":"https:\/\/costabravahospice.com\/#website","url":"https:\/\/costabravahospice.com\/","name":"Costa Brava Hospice","description":"Offering help and support to those with life limiting illnesses and their families","potentialAction":[{"@type":"SearchAction","target":{"@type":"EntryPoint","urlTemplate":"https:\/\/costabravahospice.com\/?s={search_term_string}"},"query-input":{"@type":"PropertyValueSpecification","valueRequired":true,"valueName":"search_term_string"}}],"inLanguage":"ca"}]}},"campaignId":"","_links":{"self":[{"href":"https:\/\/costabravahospice.com\/ca\/wp-json\/wp\/v2\/pages\/3158","targetHints":{"allow":["GET"]}}],"collection":[{"href":"https:\/\/costabravahospice.com\/ca\/wp-json\/wp\/v2\/pages"}],"about":[{"href":"https:\/\/costabravahospice.com\/ca\/wp-json\/wp\/v2\/types\/page"}],"author":[{"embeddable":true,"href":"https:\/\/costabravahospice.com\/ca\/wp-json\/wp\/v2\/users\/1"}],"replies":[{"embeddable":true,"href":"https:\/\/costabravahospice.com\/ca\/wp-json\/wp\/v2\/comments?post=3158"}],"version-history":[{"count":9,"href":"https:\/\/costabravahospice.com\/ca\/wp-json\/wp\/v2\/pages\/3158\/revisions"}],"predecessor-version":[{"id":3684,"href":"https:\/\/costabravahospice.com\/ca\/wp-json\/wp\/v2\/pages\/3158\/revisions\/3684"}],"wp:attachment":[{"href":"https:\/\/costabravahospice.com\/ca\/wp-json\/wp\/v2\/media?parent=3158"}],"curies":[{"name":"wp","href":"https:\/\/api.w.org\/{rel}","templated":true}]}}